{"id":6374,"date":"2024-06-21T13:57:01","date_gmt":"2024-06-21T13:57:01","guid":{"rendered":"https:\/\/globaloliveoilstars.com\/ciooc2024\/product\/aulisua\/"},"modified":"2024-06-21T13:57:05","modified_gmt":"2024-06-21T13:57:05","slug":"aulisua","status":"publish","type":"product","link":"https:\/\/globaloliveoilstars.com\/ciooc2024\/product\/aulisua\/","title":{"rendered":"Aulisua"},"content":{"rendered":"<p>La SARL Biolallameriem sous la marque Aulisua est une soci\u00e9t\u00e9 familiale A l\u2019origine d\u2019Aulisua, il y a une passion et l\u2019envie de partager celle-ci avec le plus grand nombre. Le m\u00e9tier de producteur d\u2019huile d\u2019olive de qualit\u00e9 ne s\u2019improvise pas Il s\u2019agit d\u2019un m\u00e9tier passionnant qui lie \u00ab art et sciences, passion et rigueur, exigence et \u00e9motion \u00bb, il s\u2019agit d\u2019une combinaison extraordinaire de modernit\u00e9s et de traditions Il n\u2019est pas possible de produire une huile d\u2019olive extra vierge de tr\u00e8s haute qualit\u00e9, sans maitris\u00e9 parfaitement l\u2019ensemble du process (de la culture de l\u2019olivier, sa cueillette, sa trituration, son stockage jusqu\u2019\u00e0 sa mise en bouteilles)<\/p>\n<p>Agsi Pour Compte Sarl Biolallameriem, Marque Aulisua<\/p>\n","protected":false},"excerpt":{"rendered":"<p>La SARL Biolallameriem sous la marque Aulisua est une soci\u00e9t\u00e9 familiale A l\u2019origine d\u2019Aulisua, il y a une passion et l\u2019envie de partager celle-ci avec le plus grand nombre. Le m\u00e9tier de producteur d\u2019huile d\u2019olive de qualit\u00e9 ne s\u2019improvise pas Il s\u2019agit d\u2019un m\u00e9tier passionnant qui lie \u00ab art et sciences, passion et rigueur, exigence et \u00e9motion \u00bb, il s\u2019agit d\u2019une combinaison extraordinaire de modernit\u00e9s et de traditions Il n\u2019est pas possible de produire une huile d\u2019olive extra vierge de tr\u00e8s haute qualit\u00e9, sans maitris\u00e9 parfaitement l\u2019ensemble du process (de la culture de l\u2019olivier, sa cueillette, sa trituration, son stockage jusqu\u2019\u00e0 sa mise en bouteilles)<\/p>\n","protected":false},"featured_media":6376,"template":"","meta":{"_acf_changed":false,"_seopress_robots_primary_cat":"","_seopress_titles_title":"","_seopress_titles_desc":"","_seopress_robots_index":""},"product_brand":[],"product_cat":[437],"product_tag":[739],"class_list":{"0":"post-6374","1":"product","2":"type-product","3":"status-publish","4":"has-post-thumbnail","6":"product_cat-quality","7":"product_tag-algeria","8":"pa_award-gold","9":"pa_country-algeria","10":"pa_variety-blend","12":"first","13":"instock","14":"product-type-simple"},"acf":[],"_links":{"self":[{"href":"https:\/\/globaloliveoilstars.com\/ciooc2024\/wp-json\/wp\/v2\/product\/6374","targetHints":{"allow":["GET"]}}],"collection":[{"href":"https:\/\/globaloliveoilstars.com\/ciooc2024\/wp-json\/wp\/v2\/product"}],"about":[{"href":"https:\/\/globaloliveoilstars.com\/ciooc2024\/wp-json\/wp\/v2\/types\/product"}],"version-history":[{"count":0,"href":"https:\/\/globaloliveoilstars.com\/ciooc2024\/wp-json\/wp\/v2\/product\/6374\/revisions"}],"wp:featuredmedia":[{"embeddable":true,"href":"https:\/\/globaloliveoilstars.com\/ciooc2024\/wp-json\/wp\/v2\/media\/6376"}],"wp:attachment":[{"href":"https:\/\/globaloliveoilstars.com\/ciooc2024\/wp-json\/wp\/v2\/media?parent=6374"}],"wp:term":[{"taxonomy":"product_brand","embeddable":true,"href":"https:\/\/globaloliveoilstars.com\/ciooc2024\/wp-json\/wp\/v2\/product_brand?post=6374"},{"taxonomy":"product_cat","embeddable":true,"href":"https:\/\/globaloliveoilstars.com\/ciooc2024\/wp-json\/wp\/v2\/product_cat?post=6374"},{"taxonomy":"product_tag","embeddable":true,"href":"https:\/\/globaloliveoilstars.com\/ciooc2024\/wp-json\/wp\/v2\/product_tag?post=6374"}],"curies":[{"name":"wp","href":"https:\/\/api.w.org\/{rel}","templated":true}]}}