{"id":6383,"date":"2024-06-21T13:57:01","date_gmt":"2024-06-21T13:57:01","guid":{"rendered":"https:\/\/globaloliveoilstars.com\/ciooc2024\/product\/rincon-de-la-subbetica-dop-priego-de-cordoba\/"},"modified":"2024-06-25T08:51:57","modified_gmt":"2024-06-25T08:51:57","slug":"rincon-de-la-subbetica-dop-priego-de-cordoba","status":"publish","type":"product","link":"https:\/\/globaloliveoilstars.com\/ciooc2024\/product\/rincon-de-la-subbetica-dop-priego-de-cordoba\/","title":{"rendered":"Rincon De La Subb\u00e9tica Dop Priego De Cordoba"},"content":{"rendered":"<p>Rinc\u00f3n de la Subb\u00e9tica is obtained in the first days of harvest from Hojiblanca olives. It is an organic extra virgin that results from the exquisite care of the fruit by experts who nurture it throughout the year. It is a gastronomic sojourn to the very essence of organic extra virgin olive oil. Very intense green fruitiness. Many nuances show off its great complexity. Citrus and fruit highlights. Herbal hints of thyme and mint. Hints of vegetables such as the tomato plant. Awesome!<\/p>\n<p><span style=\"color: #ffffff;\">Almazaras De La Subbetica Sl<\/span><\/p>\n","protected":false},"excerpt":{"rendered":"<p>Parqueoliva Serie Oro is a gem. We select the best Picuda and Hojiblanca olives from an early harvest to create one of the best oils in the world. The oil has a medium-high, green fruity aroma of apple and green banana with notes of tomato and artichoke. The oil starts out sweet, with a green almond flavor, before becoming more bitter with a medium-intensity spice on the palate. The oil is balanced and full of personality.<\/p>\n","protected":false},"featured_media":6385,"template":"","meta":{"_acf_changed":false,"_seopress_robots_primary_cat":"none","_seopress_titles_title":"","_seopress_titles_desc":"","_seopress_robots_index":""},"product_brand":[],"product_cat":[437],"product_tag":[722],"class_list":{"0":"post-6383","1":"product","2":"type-product","3":"status-publish","4":"has-post-thumbnail","6":"product_cat-quality","7":"product_tag-spain","8":"pa_award-platinum","9":"pa_country-spain","10":"pa_variety-hojiblanca","12":"first","13":"instock","14":"product-type-simple"},"acf":[],"_links":{"self":[{"href":"https:\/\/globaloliveoilstars.com\/ciooc2024\/wp-json\/wp\/v2\/product\/6383","targetHints":{"allow":["GET"]}}],"collection":[{"href":"https:\/\/globaloliveoilstars.com\/ciooc2024\/wp-json\/wp\/v2\/product"}],"about":[{"href":"https:\/\/globaloliveoilstars.com\/ciooc2024\/wp-json\/wp\/v2\/types\/product"}],"version-history":[{"count":1,"href":"https:\/\/globaloliveoilstars.com\/ciooc2024\/wp-json\/wp\/v2\/product\/6383\/revisions"}],"predecessor-version":[{"id":6694,"href":"https:\/\/globaloliveoilstars.com\/ciooc2024\/wp-json\/wp\/v2\/product\/6383\/revisions\/6694"}],"wp:featuredmedia":[{"embeddable":true,"href":"https:\/\/globaloliveoilstars.com\/ciooc2024\/wp-json\/wp\/v2\/media\/6385"}],"wp:attachment":[{"href":"https:\/\/globaloliveoilstars.com\/ciooc2024\/wp-json\/wp\/v2\/media?parent=6383"}],"wp:term":[{"taxonomy":"product_brand","embeddable":true,"href":"https:\/\/globaloliveoilstars.com\/ciooc2024\/wp-json\/wp\/v2\/product_brand?post=6383"},{"taxonomy":"product_cat","embeddable":true,"href":"https:\/\/globaloliveoilstars.com\/ciooc2024\/wp-json\/wp\/v2\/product_cat?post=6383"},{"taxonomy":"product_tag","embeddable":true,"href":"https:\/\/globaloliveoilstars.com\/ciooc2024\/wp-json\/wp\/v2\/product_tag?post=6383"}],"curies":[{"name":"wp","href":"https:\/\/api.w.org\/{rel}","templated":true}]}}