{"id":6473,"date":"2024-06-21T13:57:15","date_gmt":"2024-06-21T13:57:15","guid":{"rendered":"https:\/\/globaloliveoilstars.com\/ciooc2024\/product\/valle-pradinhos-organico-evoo-dop-azeite-de-tras-os-montes\/"},"modified":"2024-06-21T13:57:29","modified_gmt":"2024-06-21T13:57:29","slug":"valle-pradinhos-organico-evoo-dop-azeite-de-tras-os-montes","status":"publish","type":"product","link":"https:\/\/globaloliveoilstars.com\/ciooc2024\/product\/valle-pradinhos-organico-evoo-dop-azeite-de-tras-os-montes\/","title":{"rendered":"Valle Pradinhos  Org\u00e2nico Evoo Dop Azeite De Tr\u00e1s Os Montes"},"content":{"rendered":"<p>Elevate your culinary journey with Maria Ant\u00f3nia Pinto De Azevedo Mascarenhas, where each bottle of olive oil is a testament to craftsmanship and tradition.<\/p>\n<p>Maria Ant\u00f3nia Pinto De Azevedo Mascarenhas<\/p>\n","protected":false},"excerpt":{"rendered":"<p>Elevate your culinary journey with Maria Ant\u00f3nia Pinto De Azevedo Mascarenhas, where each bottle of olive oil is a testament to craftsmanship and tradition.<\/p>\n","protected":false},"featured_media":6475,"template":"","meta":{"_acf_changed":false,"_seopress_robots_primary_cat":"","_seopress_titles_title":"","_seopress_titles_desc":"","_seopress_robots_index":""},"product_brand":[],"product_cat":[437],"product_tag":[715],"class_list":{"0":"post-6473","1":"product","2":"type-product","3":"status-publish","4":"has-post-thumbnail","6":"product_cat-quality","7":"product_tag-portugal","8":"pa_award-gold","9":"pa_country-portugal","10":"pa_variety-cobrancosa-verdeal-transmontana-madural-cordovil","12":"first","13":"instock","14":"product-type-simple"},"acf":[],"_links":{"self":[{"href":"https:\/\/globaloliveoilstars.com\/ciooc2024\/wp-json\/wp\/v2\/product\/6473","targetHints":{"allow":["GET"]}}],"collection":[{"href":"https:\/\/globaloliveoilstars.com\/ciooc2024\/wp-json\/wp\/v2\/product"}],"about":[{"href":"https:\/\/globaloliveoilstars.com\/ciooc2024\/wp-json\/wp\/v2\/types\/product"}],"version-history":[{"count":0,"href":"https:\/\/globaloliveoilstars.com\/ciooc2024\/wp-json\/wp\/v2\/product\/6473\/revisions"}],"wp:featuredmedia":[{"embeddable":true,"href":"https:\/\/globaloliveoilstars.com\/ciooc2024\/wp-json\/wp\/v2\/media\/6475"}],"wp:attachment":[{"href":"https:\/\/globaloliveoilstars.com\/ciooc2024\/wp-json\/wp\/v2\/media?parent=6473"}],"wp:term":[{"taxonomy":"product_brand","embeddable":true,"href":"https:\/\/globaloliveoilstars.com\/ciooc2024\/wp-json\/wp\/v2\/product_brand?post=6473"},{"taxonomy":"product_cat","embeddable":true,"href":"https:\/\/globaloliveoilstars.com\/ciooc2024\/wp-json\/wp\/v2\/product_cat?post=6473"},{"taxonomy":"product_tag","embeddable":true,"href":"https:\/\/globaloliveoilstars.com\/ciooc2024\/wp-json\/wp\/v2\/product_tag?post=6473"}],"curies":[{"name":"wp","href":"https:\/\/api.w.org\/{rel}","templated":true}]}}