{"id":6671,"date":"2024-06-25T07:19:36","date_gmt":"2024-06-25T07:19:36","guid":{"rendered":"https:\/\/globaloliveoilstars.com\/ciooc2024\/product\/asiltane-limited\/"},"modified":"2024-06-25T07:22:46","modified_gmt":"2024-06-25T07:22:46","slug":"asiltane-limited","status":"publish","type":"product","link":"https:\/\/globaloliveoilstars.com\/ciooc2024\/product\/asiltane-limited\/","title":{"rendered":"Asiltane Limited"},"content":{"rendered":"<p>Turgut Gen\u00e7al founded G\u00fcven Asa Olive Oil. The brand continued to produce olive oil obtained from its existing olive groves, making a great breakthrough in 2014. Perform one of the largest investment firms in Turkey, and the Trust has spent G\u00fcven Asa Olive Oil Production Facility in Ayval\u0131k G\u00f6me\u00e7 activities.<\/p>\n<p><span style=\"color: #ffffff;\">G\u00fcven Asa LTD \u015eT\u0130<\/span><\/p>\n","protected":false},"excerpt":{"rendered":"<p>Turgut Gen\u00e7al founded G\u00fcven Asa Olive Oil. The brand continued to produce olive oil obtained from its existing olive groves, making a great breakthrough in 2014. Perform one of the largest investment firms in Turkey, and the Trust has spent G\u00fcven Asa Olive Oil Production Facility in Ayval\u0131k G\u00f6me\u00e7 activities.<\/p>\n","protected":false},"featured_media":6687,"template":"","meta":{"_acf_changed":false,"_seopress_robots_primary_cat":"none","_seopress_titles_title":"","_seopress_titles_desc":"","_seopress_robots_index":""},"product_brand":[],"product_cat":[437],"product_tag":[708],"class_list":{"0":"post-6671","1":"product","2":"type-product","3":"status-publish","4":"has-post-thumbnail","6":"product_cat-quality","7":"product_tag-turkey","8":"pa_award-gold","9":"pa_country-turkey","10":"pa_variety-edremit","12":"first","13":"instock","14":"product-type-simple"},"acf":[],"_links":{"self":[{"href":"https:\/\/globaloliveoilstars.com\/ciooc2024\/wp-json\/wp\/v2\/product\/6671","targetHints":{"allow":["GET"]}}],"collection":[{"href":"https:\/\/globaloliveoilstars.com\/ciooc2024\/wp-json\/wp\/v2\/product"}],"about":[{"href":"https:\/\/globaloliveoilstars.com\/ciooc2024\/wp-json\/wp\/v2\/types\/product"}],"version-history":[{"count":1,"href":"https:\/\/globaloliveoilstars.com\/ciooc2024\/wp-json\/wp\/v2\/product\/6671\/revisions"}],"predecessor-version":[{"id":6672,"href":"https:\/\/globaloliveoilstars.com\/ciooc2024\/wp-json\/wp\/v2\/product\/6671\/revisions\/6672"}],"wp:featuredmedia":[{"embeddable":true,"href":"https:\/\/globaloliveoilstars.com\/ciooc2024\/wp-json\/wp\/v2\/media\/6687"}],"wp:attachment":[{"href":"https:\/\/globaloliveoilstars.com\/ciooc2024\/wp-json\/wp\/v2\/media?parent=6671"}],"wp:term":[{"taxonomy":"product_brand","embeddable":true,"href":"https:\/\/globaloliveoilstars.com\/ciooc2024\/wp-json\/wp\/v2\/product_brand?post=6671"},{"taxonomy":"product_cat","embeddable":true,"href":"https:\/\/globaloliveoilstars.com\/ciooc2024\/wp-json\/wp\/v2\/product_cat?post=6671"},{"taxonomy":"product_tag","embeddable":true,"href":"https:\/\/globaloliveoilstars.com\/ciooc2024\/wp-json\/wp\/v2\/product_tag?post=6671"}],"curies":[{"name":"wp","href":"https:\/\/api.w.org\/{rel}","templated":true}]}}