{"id":6679,"date":"2024-06-25T07:19:36","date_gmt":"2024-06-25T07:19:36","guid":{"rendered":"https:\/\/globaloliveoilstars.com\/ciooc2024\/product\/aden-bahcesi\/"},"modified":"2024-06-25T07:31:30","modified_gmt":"2024-06-25T07:31:30","slug":"aden-bahcesi","status":"publish","type":"product","link":"https:\/\/globaloliveoilstars.com\/ciooc2024\/product\/aden-bahcesi\/","title":{"rendered":"Aden Bah\u00e7esi"},"content":{"rendered":"<p>Renowned for excellence, Borlu Tar\u0131m A.\u015eproduces extra virgin olive oil with a commitment to health and taste.<\/p>\n<p><span style=\"color: #ffffff;\">Borlu Tar\u0131m A.\u015e<\/span><\/p>\n","protected":false},"excerpt":{"rendered":"<p>Renowned for excellence, Borlu Tar\u0131m A.\u015eproduces extra virgin olive oil with a commitment to health and taste.<\/p>\n","protected":false},"featured_media":6691,"template":"","meta":{"_acf_changed":false,"_seopress_robots_primary_cat":"none","_seopress_titles_title":"","_seopress_titles_desc":"","_seopress_robots_index":""},"product_brand":[],"product_cat":[437],"product_tag":[708],"class_list":{"0":"post-6679","1":"product","2":"type-product","3":"status-publish","4":"has-post-thumbnail","6":"product_cat-quality","7":"product_tag-turkey","8":"pa_award-silver","9":"pa_country-turkey","10":"pa_variety-trilye","12":"first","13":"instock","14":"product-type-simple"},"acf":[],"_links":{"self":[{"href":"https:\/\/globaloliveoilstars.com\/ciooc2024\/wp-json\/wp\/v2\/product\/6679","targetHints":{"allow":["GET"]}}],"collection":[{"href":"https:\/\/globaloliveoilstars.com\/ciooc2024\/wp-json\/wp\/v2\/product"}],"about":[{"href":"https:\/\/globaloliveoilstars.com\/ciooc2024\/wp-json\/wp\/v2\/types\/product"}],"version-history":[{"count":1,"href":"https:\/\/globaloliveoilstars.com\/ciooc2024\/wp-json\/wp\/v2\/product\/6679\/revisions"}],"predecessor-version":[{"id":6680,"href":"https:\/\/globaloliveoilstars.com\/ciooc2024\/wp-json\/wp\/v2\/product\/6679\/revisions\/6680"}],"wp:featuredmedia":[{"embeddable":true,"href":"https:\/\/globaloliveoilstars.com\/ciooc2024\/wp-json\/wp\/v2\/media\/6691"}],"wp:attachment":[{"href":"https:\/\/globaloliveoilstars.com\/ciooc2024\/wp-json\/wp\/v2\/media?parent=6679"}],"wp:term":[{"taxonomy":"product_brand","embeddable":true,"href":"https:\/\/globaloliveoilstars.com\/ciooc2024\/wp-json\/wp\/v2\/product_brand?post=6679"},{"taxonomy":"product_cat","embeddable":true,"href":"https:\/\/globaloliveoilstars.com\/ciooc2024\/wp-json\/wp\/v2\/product_cat?post=6679"},{"taxonomy":"product_tag","embeddable":true,"href":"https:\/\/globaloliveoilstars.com\/ciooc2024\/wp-json\/wp\/v2\/product_tag?post=6679"}],"curies":[{"name":"wp","href":"https:\/\/api.w.org\/{rel}","templated":true}]}}