{"id":6695,"date":"2024-06-26T04:10:38","date_gmt":"2024-06-26T04:10:38","guid":{"rendered":"https:\/\/globaloliveoilstars.com\/ciooc2024\/?post_type=product&#038;p=6695"},"modified":"2024-06-26T04:12:14","modified_gmt":"2024-06-26T04:12:14","slug":"st-elias-premium","status":"publish","type":"product","link":"https:\/\/globaloliveoilstars.com\/ciooc2024\/product\/st-elias-premium\/","title":{"rendered":"St. Elias Premium"},"content":{"rendered":"<p>The St-Elias unfiltered premium olive oil is made from Koroneiki olives. Native to the region of Messinia, the Koroneiki olives are mainly grown for olive oil production. This particular fruit may be small, but the quality of the taste, flavour and the amount of natural antioxidants it yields is extensive.<\/p>\n<p><span style=\"color: #ffffff;\">Groupe Saint Elias Inc.<\/span><\/p>\n","protected":false},"excerpt":{"rendered":"<p>Turgut Gen\u00e7al founded G\u00fcven Asa Olive Oil. The brand continued to produce olive oil obtained from its existing olive groves, making a great breakthrough in 2014. Perform one of the largest investment firms in Turkey, and the Trust has spent G\u00fcven Asa Olive Oil Production Facility in Ayval\u0131k G\u00f6me\u00e7 activities.<\/p>\n","protected":false},"featured_media":6696,"template":"","meta":{"_acf_changed":false,"_seopress_robots_primary_cat":"none","_seopress_titles_title":"","_seopress_titles_desc":"","_seopress_robots_index":""},"product_brand":[],"product_cat":[437],"product_tag":[711],"class_list":{"0":"post-6695","1":"product","2":"type-product","3":"status-publish","4":"has-post-thumbnail","6":"product_cat-quality","7":"product_tag-greece","8":"pa_award-gold","9":"pa_country-greece","10":"pa_variety-koroneiki","12":"first","13":"instock","14":"product-type-simple"},"acf":[],"_links":{"self":[{"href":"https:\/\/globaloliveoilstars.com\/ciooc2024\/wp-json\/wp\/v2\/product\/6695","targetHints":{"allow":["GET"]}}],"collection":[{"href":"https:\/\/globaloliveoilstars.com\/ciooc2024\/wp-json\/wp\/v2\/product"}],"about":[{"href":"https:\/\/globaloliveoilstars.com\/ciooc2024\/wp-json\/wp\/v2\/types\/product"}],"version-history":[{"count":1,"href":"https:\/\/globaloliveoilstars.com\/ciooc2024\/wp-json\/wp\/v2\/product\/6695\/revisions"}],"predecessor-version":[{"id":6697,"href":"https:\/\/globaloliveoilstars.com\/ciooc2024\/wp-json\/wp\/v2\/product\/6695\/revisions\/6697"}],"wp:featuredmedia":[{"embeddable":true,"href":"https:\/\/globaloliveoilstars.com\/ciooc2024\/wp-json\/wp\/v2\/media\/6696"}],"wp:attachment":[{"href":"https:\/\/globaloliveoilstars.com\/ciooc2024\/wp-json\/wp\/v2\/media?parent=6695"}],"wp:term":[{"taxonomy":"product_brand","embeddable":true,"href":"https:\/\/globaloliveoilstars.com\/ciooc2024\/wp-json\/wp\/v2\/product_brand?post=6695"},{"taxonomy":"product_cat","embeddable":true,"href":"https:\/\/globaloliveoilstars.com\/ciooc2024\/wp-json\/wp\/v2\/product_cat?post=6695"},{"taxonomy":"product_tag","embeddable":true,"href":"https:\/\/globaloliveoilstars.com\/ciooc2024\/wp-json\/wp\/v2\/product_tag?post=6695"}],"curies":[{"name":"wp","href":"https:\/\/api.w.org\/{rel}","templated":true}]}}