{"id":6698,"date":"2024-06-26T05:19:12","date_gmt":"2024-06-26T05:19:12","guid":{"rendered":"https:\/\/globaloliveoilstars.com\/ciooc2024\/?post_type=product&#038;p=6698"},"modified":"2024-06-26T06:41:45","modified_gmt":"2024-06-26T06:41:45","slug":"vargnano","status":"publish","type":"product","link":"https:\/\/globaloliveoilstars.com\/ciooc2024\/product\/vargnano\/","title":{"rendered":"Vargnano"},"content":{"rendered":"<p>Vargnano is an EVOO obtained just from Nostrana di Brisighella olives. Nostrana di Brisighella is a native cultivar from the Emilia-Romagna region. These olives were harvested in early October, when they were still green, to conserve their proper flavors and polyphenols. Bright light green, it has elegant aromatic notes of fresh-cut grass and artichoke, which continue on the palate with great persistence. It has a highly refined green olive spicy finish.<\/p>\n<h2>About Palazzo di Varignana<\/h2>\n<div class=\"brand__producer__description\">Palazzo di Varignana is a luxury resort in the hills of Bologna, comprised of 100 hectares of olive trees and other cultivations. The project started in 2017 with the first harvests of extra virgin olive oil, fruit juices, and fruit jams. The food project continues to grow, and within four to six years, we will have around 100,000 liters of EVOO.<\/div>\n<p><span style=\"color: #ffffff;\">Palazzo di Varignana<\/span><\/p>\n","protected":false},"excerpt":{"rendered":"<p>Turgut Gen\u00e7al founded G\u00fcven Asa Olive Oil. The brand continued to produce olive oil obtained from its existing olive groves, making a great breakthrough in 2014. Perform one of the largest investment firms in Turkey, and the Trust has spent G\u00fcven Asa Olive Oil Production Facility in Ayval\u0131k G\u00f6me\u00e7 activities.<\/p>\n","protected":false},"featured_media":6699,"template":"","meta":{"_acf_changed":false,"_seopress_robots_primary_cat":"none","_seopress_titles_title":"","_seopress_titles_desc":"","_seopress_robots_index":""},"product_brand":[],"product_cat":[437],"product_tag":[763],"class_list":{"0":"post-6698","1":"product","2":"type-product","3":"status-publish","4":"has-post-thumbnail","6":"product_cat-quality","7":"product_tag-italy","8":"pa_award-gold","9":"pa_country-italy","10":"pa_variety-nostrana-di-brisighella","12":"first","13":"instock","14":"product-type-simple"},"acf":[],"_links":{"self":[{"href":"https:\/\/globaloliveoilstars.com\/ciooc2024\/wp-json\/wp\/v2\/product\/6698","targetHints":{"allow":["GET"]}}],"collection":[{"href":"https:\/\/globaloliveoilstars.com\/ciooc2024\/wp-json\/wp\/v2\/product"}],"about":[{"href":"https:\/\/globaloliveoilstars.com\/ciooc2024\/wp-json\/wp\/v2\/types\/product"}],"version-history":[{"count":1,"href":"https:\/\/globaloliveoilstars.com\/ciooc2024\/wp-json\/wp\/v2\/product\/6698\/revisions"}],"predecessor-version":[{"id":6701,"href":"https:\/\/globaloliveoilstars.com\/ciooc2024\/wp-json\/wp\/v2\/product\/6698\/revisions\/6701"}],"wp:featuredmedia":[{"embeddable":true,"href":"https:\/\/globaloliveoilstars.com\/ciooc2024\/wp-json\/wp\/v2\/media\/6699"}],"wp:attachment":[{"href":"https:\/\/globaloliveoilstars.com\/ciooc2024\/wp-json\/wp\/v2\/media?parent=6698"}],"wp:term":[{"taxonomy":"product_brand","embeddable":true,"href":"https:\/\/globaloliveoilstars.com\/ciooc2024\/wp-json\/wp\/v2\/product_brand?post=6698"},{"taxonomy":"product_cat","embeddable":true,"href":"https:\/\/globaloliveoilstars.com\/ciooc2024\/wp-json\/wp\/v2\/product_cat?post=6698"},{"taxonomy":"product_tag","embeddable":true,"href":"https:\/\/globaloliveoilstars.com\/ciooc2024\/wp-json\/wp\/v2\/product_tag?post=6698"}],"curies":[{"name":"wp","href":"https:\/\/api.w.org\/{rel}","templated":true}]}}