{"id":6215,"date":"2024-06-08T14:29:42","date_gmt":"2024-06-08T14:29:42","guid":{"rendered":"http:\/\/globaloliveoilstars.com\/liooc2024\/product\/hyllarima-organik-zeytinyagi\/"},"modified":"2024-06-08T14:30:28","modified_gmt":"2024-06-08T14:30:28","slug":"hyllarima-organik-zeytinyagi","status":"publish","type":"product","link":"https:\/\/globaloliveoilstars.com\/liooc2024\/product\/hyllarima-organik-zeytinyagi\/","title":{"rendered":"Hyllarima Organ\u0131k Zeyt\u0131nyag\u0131"},"content":{"rendered":"<p>Company: Hera Organ\u0131k Tar\u0131m G\u0131da San.Tic.Ltd.Sti<\/p>\n<p>Hera organik ltd is producer of organ\u0131c olive oil. Our all products has organic certificated.<\/p>\n","protected":false},"excerpt":{"rendered":"<p>Hera organik ltd is producer of organ\u0131c olive oil. Our all products has organic certificated.<\/p>\n","protected":false},"featured_media":6217,"template":"","meta":{"_acf_changed":false,"_seopress_robots_primary_cat":"","_seopress_titles_title":"","_seopress_titles_desc":"","_seopress_robots_index":""},"product_brand":[],"product_cat":[695],"product_tag":[718],"class_list":{"0":"post-6215","1":"product","2":"type-product","3":"status-publish","4":"has-post-thumbnail","6":"product_cat-health-claim","7":"product_tag-turkey","8":"pa_award-silver","9":"pa_competitioncategory-health-claim","10":"pa_country-turkey","11":"pa_variety-trilye","13":"first","14":"instock","15":"product-type-simple"},"acf":[],"_links":{"self":[{"href":"https:\/\/globaloliveoilstars.com\/liooc2024\/wp-json\/wp\/v2\/product\/6215","targetHints":{"allow":["GET"]}}],"collection":[{"href":"https:\/\/globaloliveoilstars.com\/liooc2024\/wp-json\/wp\/v2\/product"}],"about":[{"href":"https:\/\/globaloliveoilstars.com\/liooc2024\/wp-json\/wp\/v2\/types\/product"}],"version-history":[{"count":0,"href":"https:\/\/globaloliveoilstars.com\/liooc2024\/wp-json\/wp\/v2\/product\/6215\/revisions"}],"wp:featuredmedia":[{"embeddable":true,"href":"https:\/\/globaloliveoilstars.com\/liooc2024\/wp-json\/wp\/v2\/media\/6217"}],"wp:attachment":[{"href":"https:\/\/globaloliveoilstars.com\/liooc2024\/wp-json\/wp\/v2\/media?parent=6215"}],"wp:term":[{"taxonomy":"product_brand","embeddable":true,"href":"https:\/\/globaloliveoilstars.com\/liooc2024\/wp-json\/wp\/v2\/product_brand?post=6215"},{"taxonomy":"product_cat","embeddable":true,"href":"https:\/\/globaloliveoilstars.com\/liooc2024\/wp-json\/wp\/v2\/product_cat?post=6215"},{"taxonomy":"product_tag","embeddable":true,"href":"https:\/\/globaloliveoilstars.com\/liooc2024\/wp-json\/wp\/v2\/product_tag?post=6215"}],"curies":[{"name":"wp","href":"https:\/\/api.w.org\/{rel}","templated":true}]}}