{"id":7409,"date":"2024-06-10T04:45:59","date_gmt":"2024-06-10T04:45:59","guid":{"rendered":"http:\/\/globaloliveoilstars.com\/liooc2024\/product\/granpa-premium-olive-oil\/"},"modified":"2024-06-10T04:46:41","modified_gmt":"2024-06-10T04:46:41","slug":"granpa-premium-olive-oil","status":"publish","type":"product","link":"https:\/\/globaloliveoilstars.com\/liooc2024\/product\/granpa-premium-olive-oil\/","title":{"rendered":"Granpa Premium Olive Oil"},"content":{"rendered":"<p>Company: Akg Zeytincilik G\u0131da Ltd \u015eti<\/p>\n<p>As the Toku\u00e7 family, we went beyond our sector for the first time with the Toku\u00e7 Organic Agriculture business we established in \u00c7anakkale in 2008. We were unaware that the 17,000 Gemlik olive trees we planted on our land in Mu\u011fla in those years would one day give birth to Granpa. Our aim was only to afforeste an empty land and produce olives and olive oil for our friends. At this point, it gives us hope to see that social awareness about producing and consuming healthy agricultural products has increased, as well as producing an olive oil that has gained international success.<\/p>\n","protected":false},"excerpt":{"rendered":"<p>As the Toku\u00e7 family, we went beyond our sector for the first time with the Toku\u00e7 Organic Agriculture business we established in \u00c7anakkale in 2008. We were unaware that the 17,000 Gemlik olive trees we planted on our land in Mu\u011fla in those years would one day give birth to Granpa. Our aim was only to afforeste an empty land and produce olives and olive oil for our friends. At this point, it gives us hope to see that social awareness about producing and consuming healthy agricultural products has increased, as well as producing an olive oil that has gained international success.<\/p>\n","protected":false},"featured_media":7411,"template":"","meta":{"_acf_changed":false,"_seopress_robots_primary_cat":"","_seopress_titles_title":"","_seopress_titles_desc":"","_seopress_robots_index":""},"product_brand":[],"product_cat":[437],"product_tag":[718],"class_list":{"0":"post-7409","1":"product","2":"type-product","3":"status-publish","4":"has-post-thumbnail","6":"product_cat-quality","7":"product_tag-turkey","8":"pa_award-gold","9":"pa_competitioncategory-quality","10":"pa_country-turkey","11":"pa_monovarietalorblend-monovarietal","12":"pa_variety-trilye","14":"first","15":"instock","16":"product-type-simple"},"acf":[],"_links":{"self":[{"href":"https:\/\/globaloliveoilstars.com\/liooc2024\/wp-json\/wp\/v2\/product\/7409","targetHints":{"allow":["GET"]}}],"collection":[{"href":"https:\/\/globaloliveoilstars.com\/liooc2024\/wp-json\/wp\/v2\/product"}],"about":[{"href":"https:\/\/globaloliveoilstars.com\/liooc2024\/wp-json\/wp\/v2\/types\/product"}],"version-history":[{"count":0,"href":"https:\/\/globaloliveoilstars.com\/liooc2024\/wp-json\/wp\/v2\/product\/7409\/revisions"}],"wp:featuredmedia":[{"embeddable":true,"href":"https:\/\/globaloliveoilstars.com\/liooc2024\/wp-json\/wp\/v2\/media\/7411"}],"wp:attachment":[{"href":"https:\/\/globaloliveoilstars.com\/liooc2024\/wp-json\/wp\/v2\/media?parent=7409"}],"wp:term":[{"taxonomy":"product_brand","embeddable":true,"href":"https:\/\/globaloliveoilstars.com\/liooc2024\/wp-json\/wp\/v2\/product_brand?post=7409"},{"taxonomy":"product_cat","embeddable":true,"href":"https:\/\/globaloliveoilstars.com\/liooc2024\/wp-json\/wp\/v2\/product_cat?post=7409"},{"taxonomy":"product_tag","embeddable":true,"href":"https:\/\/globaloliveoilstars.com\/liooc2024\/wp-json\/wp\/v2\/product_tag?post=7409"}],"curies":[{"name":"wp","href":"https:\/\/api.w.org\/{rel}","templated":true}]}}