{"id":7520,"date":"2024-06-10T04:47:40","date_gmt":"2024-06-10T04:47:40","guid":{"rendered":"http:\/\/globaloliveoilstars.com\/liooc2024\/product\/bella-serra-mordane-ayvalik\/"},"modified":"2024-06-10T04:48:30","modified_gmt":"2024-06-10T04:48:30","slug":"bella-serra-mordane-ayvalik","status":"publish","type":"product","link":"https:\/\/globaloliveoilstars.com\/liooc2024\/product\/bella-serra-mordane-ayvalik\/","title":{"rendered":"Bella Serra Mordane Ayval\u0131k"},"content":{"rendered":"<p>Company: Bella Serra Tar\u0131m G\u0131da  Ltd \u015eti<\/p>\n<p>Renowned for excellence, Bella Serra Tar\u0131m G\u0131da  Ltd \u015etiproduces extra virgin olive oil with a commitment to health and taste.<\/p>\n","protected":false},"excerpt":{"rendered":"<p>Renowned for excellence, Bella Serra Tar\u0131m G\u0131da  Ltd \u015etiproduces extra virgin olive oil with a commitment to health and taste.<\/p>\n","protected":false},"featured_media":7522,"template":"","meta":{"_acf_changed":false,"_seopress_robots_primary_cat":"","_seopress_titles_title":"","_seopress_titles_desc":"","_seopress_robots_index":""},"product_brand":[],"product_cat":[437],"product_tag":[718],"class_list":{"0":"post-7520","1":"product","2":"type-product","3":"status-publish","4":"has-post-thumbnail","6":"product_cat-quality","7":"product_tag-turkey","8":"pa_award-silver","9":"pa_competitioncategory-quality","10":"pa_country-turkey","11":"pa_monovarietalorblend-monovarietal","12":"pa_variety-ayvalik","14":"first","15":"instock","16":"product-type-simple"},"acf":[],"_links":{"self":[{"href":"https:\/\/globaloliveoilstars.com\/liooc2024\/wp-json\/wp\/v2\/product\/7520","targetHints":{"allow":["GET"]}}],"collection":[{"href":"https:\/\/globaloliveoilstars.com\/liooc2024\/wp-json\/wp\/v2\/product"}],"about":[{"href":"https:\/\/globaloliveoilstars.com\/liooc2024\/wp-json\/wp\/v2\/types\/product"}],"version-history":[{"count":0,"href":"https:\/\/globaloliveoilstars.com\/liooc2024\/wp-json\/wp\/v2\/product\/7520\/revisions"}],"wp:featuredmedia":[{"embeddable":true,"href":"https:\/\/globaloliveoilstars.com\/liooc2024\/wp-json\/wp\/v2\/media\/7522"}],"wp:attachment":[{"href":"https:\/\/globaloliveoilstars.com\/liooc2024\/wp-json\/wp\/v2\/media?parent=7520"}],"wp:term":[{"taxonomy":"product_brand","embeddable":true,"href":"https:\/\/globaloliveoilstars.com\/liooc2024\/wp-json\/wp\/v2\/product_brand?post=7520"},{"taxonomy":"product_cat","embeddable":true,"href":"https:\/\/globaloliveoilstars.com\/liooc2024\/wp-json\/wp\/v2\/product_cat?post=7520"},{"taxonomy":"product_tag","embeddable":true,"href":"https:\/\/globaloliveoilstars.com\/liooc2024\/wp-json\/wp\/v2\/product_tag?post=7520"}],"curies":[{"name":"wp","href":"https:\/\/api.w.org\/{rel}","templated":true}]}}