{"id":7650,"date":"2024-06-10T04:50:35","date_gmt":"2024-06-10T04:50:35","guid":{"rendered":"http:\/\/globaloliveoilstars.com\/liooc2024\/product\/cabra-feixet\/"},"modified":"2024-06-10T04:50:35","modified_gmt":"2024-06-10T04:50:35","slug":"cabra-feixet","status":"publish","type":"product","link":"https:\/\/globaloliveoilstars.com\/liooc2024\/product\/cabra-feixet\/","title":{"rendered":"Cabra Feixet"},"content":{"rendered":"<p>Company: Cooperativa Sant Isidre Del Perello<\/p>\n<p>Cooperativa Agr\u00edcola fundada 1957 en El Perell\u00f3 (Tarragona), dedicada a la extracci\u00f3n y comercializaci\u00f3n de aceites de oliva v\u00edrgenes propios, destacando las variedades aut\u00f3ctonas de la zona Morruda y Sevillenca, con D.O.P. Baix Ebre-Montsia (Sur de Catalunya)<\/p>\n","protected":false},"excerpt":{"rendered":"<p>Cooperativa Agr\u00edcola fundada 1957 en El Perell\u00f3 (Tarragona), dedicada a la extracci\u00f3n y comercializaci\u00f3n de aceites de oliva v\u00edrgenes propios, destacando las variedades aut\u00f3ctonas de la zona Morruda y Sevillenca, con D.O.P. Baix Ebre-Montsia (Sur de Catalunya)<\/p>\n","protected":false},"featured_media":7652,"template":"","meta":{"_acf_changed":false,"_seopress_robots_primary_cat":"","_seopress_titles_title":"","_seopress_titles_desc":"","_seopress_robots_index":""},"product_brand":[],"product_cat":[437],"product_tag":[729],"class_list":{"0":"post-7650","1":"product","2":"type-product","3":"status-publish","4":"has-post-thumbnail","6":"product_cat-quality","7":"product_tag-spain","8":"pa_award-silver","9":"pa_competitioncategory-quality","10":"pa_country-spain","11":"pa_monovarietalorblend-monovarietal","12":"pa_variety-morruda","14":"first","15":"instock","16":"product-type-simple"},"acf":[],"_links":{"self":[{"href":"https:\/\/globaloliveoilstars.com\/liooc2024\/wp-json\/wp\/v2\/product\/7650","targetHints":{"allow":["GET"]}}],"collection":[{"href":"https:\/\/globaloliveoilstars.com\/liooc2024\/wp-json\/wp\/v2\/product"}],"about":[{"href":"https:\/\/globaloliveoilstars.com\/liooc2024\/wp-json\/wp\/v2\/types\/product"}],"version-history":[{"count":0,"href":"https:\/\/globaloliveoilstars.com\/liooc2024\/wp-json\/wp\/v2\/product\/7650\/revisions"}],"wp:featuredmedia":[{"embeddable":true,"href":"https:\/\/globaloliveoilstars.com\/liooc2024\/wp-json\/wp\/v2\/media\/7652"}],"wp:attachment":[{"href":"https:\/\/globaloliveoilstars.com\/liooc2024\/wp-json\/wp\/v2\/media?parent=7650"}],"wp:term":[{"taxonomy":"product_brand","embeddable":true,"href":"https:\/\/globaloliveoilstars.com\/liooc2024\/wp-json\/wp\/v2\/product_brand?post=7650"},{"taxonomy":"product_cat","embeddable":true,"href":"https:\/\/globaloliveoilstars.com\/liooc2024\/wp-json\/wp\/v2\/product_cat?post=7650"},{"taxonomy":"product_tag","embeddable":true,"href":"https:\/\/globaloliveoilstars.com\/liooc2024\/wp-json\/wp\/v2\/product_tag?post=7650"}],"curies":[{"name":"wp","href":"https:\/\/api.w.org\/{rel}","templated":true}]}}