{"id":7933,"date":"2024-06-10T04:54:52","date_gmt":"2024-06-10T04:54:52","guid":{"rendered":"http:\/\/globaloliveoilstars.com\/liooc2024\/product\/vievi-moonlight\/"},"modified":"2024-06-10T04:55:30","modified_gmt":"2024-06-10T04:55:30","slug":"vievi-moonlight","status":"publish","type":"product","link":"https:\/\/globaloliveoilstars.com\/liooc2024\/product\/vievi-moonlight\/","title":{"rendered":"Vievi Moonlight"},"content":{"rendered":"<p>Company: G\u00f6kkale  Tar\u0131m Ltd \u015eti<\/p>\n<p>The foundations of the G\u00fcrmen Group in London, yet in order to produce for the homeland, they invested in our country and developed it to its present level. The Group focuses on medium- and long-term growth by focusing on innovation, value added products in all sectors and increasing market diversity.<\/p>\n","protected":false},"excerpt":{"rendered":"<p>The foundations of the G\u00fcrmen Group in London, yet in order to produce for the homeland, they invested in our country and developed it to its present level. The Group focuses on medium- and long-term growth by focusing on innovation, value added products in all sectors and increasing market diversity.<\/p>\n","protected":false},"featured_media":7935,"template":"","meta":{"_acf_changed":false,"_seopress_robots_primary_cat":"","_seopress_titles_title":"","_seopress_titles_desc":"","_seopress_robots_index":""},"product_brand":[],"product_cat":[437],"product_tag":[718],"class_list":{"0":"post-7933","1":"product","2":"type-product","3":"status-publish","4":"has-post-thumbnail","6":"product_cat-quality","7":"product_tag-turkey","8":"pa_award-silver","9":"pa_competitioncategory-quality","10":"pa_country-turkey","11":"pa_monovarietalorblend-monovarietal","12":"pa_variety-memecik","14":"first","15":"instock","16":"product-type-simple"},"acf":[],"_links":{"self":[{"href":"https:\/\/globaloliveoilstars.com\/liooc2024\/wp-json\/wp\/v2\/product\/7933","targetHints":{"allow":["GET"]}}],"collection":[{"href":"https:\/\/globaloliveoilstars.com\/liooc2024\/wp-json\/wp\/v2\/product"}],"about":[{"href":"https:\/\/globaloliveoilstars.com\/liooc2024\/wp-json\/wp\/v2\/types\/product"}],"version-history":[{"count":0,"href":"https:\/\/globaloliveoilstars.com\/liooc2024\/wp-json\/wp\/v2\/product\/7933\/revisions"}],"wp:featuredmedia":[{"embeddable":true,"href":"https:\/\/globaloliveoilstars.com\/liooc2024\/wp-json\/wp\/v2\/media\/7935"}],"wp:attachment":[{"href":"https:\/\/globaloliveoilstars.com\/liooc2024\/wp-json\/wp\/v2\/media?parent=7933"}],"wp:term":[{"taxonomy":"product_brand","embeddable":true,"href":"https:\/\/globaloliveoilstars.com\/liooc2024\/wp-json\/wp\/v2\/product_brand?post=7933"},{"taxonomy":"product_cat","embeddable":true,"href":"https:\/\/globaloliveoilstars.com\/liooc2024\/wp-json\/wp\/v2\/product_cat?post=7933"},{"taxonomy":"product_tag","embeddable":true,"href":"https:\/\/globaloliveoilstars.com\/liooc2024\/wp-json\/wp\/v2\/product_tag?post=7933"}],"curies":[{"name":"wp","href":"https:\/\/api.w.org\/{rel}","templated":true}]}}