{"id":7954,"date":"2024-06-10T04:55:43","date_gmt":"2024-06-10T04:55:43","guid":{"rendered":"http:\/\/globaloliveoilstars.com\/liooc2024\/product\/green-gusto-erken-hasat-soguk-sikim\/"},"modified":"2024-06-10T04:55:48","modified_gmt":"2024-06-10T04:55:48","slug":"green-gusto-erken-hasat-soguk-sikim","status":"publish","type":"product","link":"https:\/\/globaloliveoilstars.com\/liooc2024\/product\/green-gusto-erken-hasat-soguk-sikim\/","title":{"rendered":"Green Gusto Erken Hasat So\u011fuk S\u0131k\u0131m"},"content":{"rendered":"<p>Company: Green Gusto<\/p>\n<p>Olive, which has taken its place on the tables with its healing flavor from ancient times to today;\u00a0meets in its most natural form in Green Amour Olive Oils.\u00a0Olive oils produced with respect to nature and a responsible perspective for the future offer flavor to your palate and vitality to your body.<\/p>\n","protected":false},"excerpt":{"rendered":"<p>Olive, which has taken its place on the tables with its healing flavor from ancient times to today;\u00a0meets in its most natural form in Green Amour Olive Oils.\u00a0Olive oils produced with respect to nature and a responsible perspective for the future offer flavor to your palate and vitality to your body.<\/p>\n","protected":false},"featured_media":7956,"template":"","meta":{"_acf_changed":false,"_seopress_robots_primary_cat":"","_seopress_titles_title":"","_seopress_titles_desc":"","_seopress_robots_index":""},"product_brand":[],"product_cat":[437],"product_tag":[718],"class_list":{"0":"post-7954","1":"product","2":"type-product","3":"status-publish","4":"has-post-thumbnail","6":"product_cat-quality","7":"product_tag-turkey","8":"pa_award-gold","9":"pa_competitioncategory-quality","10":"pa_country-turkey","11":"pa_monovarietalorblend-monovarietal","12":"pa_variety-trilye","14":"first","15":"instock","16":"product-type-simple"},"acf":[],"_links":{"self":[{"href":"https:\/\/globaloliveoilstars.com\/liooc2024\/wp-json\/wp\/v2\/product\/7954","targetHints":{"allow":["GET"]}}],"collection":[{"href":"https:\/\/globaloliveoilstars.com\/liooc2024\/wp-json\/wp\/v2\/product"}],"about":[{"href":"https:\/\/globaloliveoilstars.com\/liooc2024\/wp-json\/wp\/v2\/types\/product"}],"version-history":[{"count":0,"href":"https:\/\/globaloliveoilstars.com\/liooc2024\/wp-json\/wp\/v2\/product\/7954\/revisions"}],"wp:featuredmedia":[{"embeddable":true,"href":"https:\/\/globaloliveoilstars.com\/liooc2024\/wp-json\/wp\/v2\/media\/7956"}],"wp:attachment":[{"href":"https:\/\/globaloliveoilstars.com\/liooc2024\/wp-json\/wp\/v2\/media?parent=7954"}],"wp:term":[{"taxonomy":"product_brand","embeddable":true,"href":"https:\/\/globaloliveoilstars.com\/liooc2024\/wp-json\/wp\/v2\/product_brand?post=7954"},{"taxonomy":"product_cat","embeddable":true,"href":"https:\/\/globaloliveoilstars.com\/liooc2024\/wp-json\/wp\/v2\/product_cat?post=7954"},{"taxonomy":"product_tag","embeddable":true,"href":"https:\/\/globaloliveoilstars.com\/liooc2024\/wp-json\/wp\/v2\/product_tag?post=7954"}],"curies":[{"name":"wp","href":"https:\/\/api.w.org\/{rel}","templated":true}]}}