{"id":7972,"date":"2024-06-10T04:55:43","date_gmt":"2024-06-10T04:55:43","guid":{"rendered":"http:\/\/globaloliveoilstars.com\/liooc2024\/product\/asiltane-128-164-minutes\/"},"modified":"2024-06-10T04:56:04","modified_gmt":"2024-06-10T04:56:04","slug":"asiltane-128-164-minutes","status":"publish","type":"product","link":"https:\/\/globaloliveoilstars.com\/liooc2024\/product\/asiltane-128-164-minutes\/","title":{"rendered":"Asiltane 128-164 Minutes"},"content":{"rendered":"<p>Company: G\u00fcven Asa Ltd \u015eti<\/p>\n<p>Turgut Gen\u00e7al founded G\u00fcven Asa Olive Oil. The brand continued to produce olive oil obtained from its existing olive groves, making a great breakthrough in 2014. Perform one of the largest investment firms in Turkey, and the Trust has spent G\u00fcven Asa Olive Oil Production Facility in Ayval\u0131k G\u00f6me\u00e7 activities.<\/p>\n","protected":false},"excerpt":{"rendered":"<p>Turgut Gen\u00e7al founded G\u00fcven Asa Olive Oil. The brand continued to produce olive oil obtained from its existing olive groves, making a great breakthrough in 2014. Perform one of the largest investment firms in Turkey, and the Trust has spent G\u00fcven Asa Olive Oil Production Facility in Ayval\u0131k G\u00f6me\u00e7 activities.<\/p>\n","protected":false},"featured_media":7974,"template":"","meta":{"_acf_changed":false,"_seopress_robots_primary_cat":"","_seopress_titles_title":"","_seopress_titles_desc":"","_seopress_robots_index":""},"product_brand":[],"product_cat":[437],"product_tag":[718],"class_list":{"0":"post-7972","1":"product","2":"type-product","3":"status-publish","4":"has-post-thumbnail","6":"product_cat-quality","7":"product_tag-turkey","8":"pa_award-gold","9":"pa_competitioncategory-quality","10":"pa_country-turkey","11":"pa_monovarietalorblend-monovarietal","12":"pa_variety-edremit","14":"first","15":"instock","16":"product-type-simple"},"acf":[],"_links":{"self":[{"href":"https:\/\/globaloliveoilstars.com\/liooc2024\/wp-json\/wp\/v2\/product\/7972","targetHints":{"allow":["GET"]}}],"collection":[{"href":"https:\/\/globaloliveoilstars.com\/liooc2024\/wp-json\/wp\/v2\/product"}],"about":[{"href":"https:\/\/globaloliveoilstars.com\/liooc2024\/wp-json\/wp\/v2\/types\/product"}],"version-history":[{"count":0,"href":"https:\/\/globaloliveoilstars.com\/liooc2024\/wp-json\/wp\/v2\/product\/7972\/revisions"}],"wp:featuredmedia":[{"embeddable":true,"href":"https:\/\/globaloliveoilstars.com\/liooc2024\/wp-json\/wp\/v2\/media\/7974"}],"wp:attachment":[{"href":"https:\/\/globaloliveoilstars.com\/liooc2024\/wp-json\/wp\/v2\/media?parent=7972"}],"wp:term":[{"taxonomy":"product_brand","embeddable":true,"href":"https:\/\/globaloliveoilstars.com\/liooc2024\/wp-json\/wp\/v2\/product_brand?post=7972"},{"taxonomy":"product_cat","embeddable":true,"href":"https:\/\/globaloliveoilstars.com\/liooc2024\/wp-json\/wp\/v2\/product_cat?post=7972"},{"taxonomy":"product_tag","embeddable":true,"href":"https:\/\/globaloliveoilstars.com\/liooc2024\/wp-json\/wp\/v2\/product_tag?post=7972"}],"curies":[{"name":"wp","href":"https:\/\/api.w.org\/{rel}","templated":true}]}}