{"id":7975,"date":"2024-06-10T04:55:43","date_gmt":"2024-06-10T04:55:43","guid":{"rendered":"http:\/\/globaloliveoilstars.com\/liooc2024\/product\/natives-olivenol-extra\/"},"modified":"2024-06-10T04:56:08","modified_gmt":"2024-06-10T04:56:08","slug":"natives-olivenol-extra","status":"publish","type":"product","link":"https:\/\/globaloliveoilstars.com\/liooc2024\/product\/natives-olivenol-extra\/","title":{"rendered":"Natives Oliven\u00f6l Extra"},"content":{"rendered":"<p>Company: H&#038;B Warenvertrieb<\/p>\n<p>Ich betreibe meinen Betrieb als Einzelh\u00e4ndler schon seit \u00fcber 24 Jahren. Meine Kunden sind Privat- und Gesch\u00e4ftskunden (Edeka, Gro\u00dfk\u00fcchen, Einzelhandel). W\u00e4hrend der Winter-\/Fr\u00fcchtesaison liefere ich nicht nur die Ware aus sondern f\u00fchre auch einen Lagerverkauf und einen kleinen Laden mit meinen Produkten. Haupts\u00e4chlich verkaufe ich Bio-Zitrusfr\u00fcchte aus Sizilien bzw. Italien. Durch engen Kontakt mit meinen Lieferanten wei\u00df ich woher die Bio-Zitrusfr\u00fcchte herkommen! Der kontrollierte Anbau ist die Basis f\u00fcr unsere Bio-Produkte. Seit 2008 sind wir ein zertifizierter Betrieb! Durch den Kontakt mit Sizilien bin ich dann 2017 auf die Oliven bzw. Oliven\u00f6l gesto\u00dfen. Daraus entstand dann langsam und gewissenhaft unser Oliven\u00f6l Extra Vergine.<\/p>\n","protected":false},"excerpt":{"rendered":"<p>Ich betreibe meinen Betrieb als Einzelh\u00e4ndler schon seit \u00fcber 24 Jahren. Meine Kunden sind Privat- und Gesch\u00e4ftskunden (Edeka, Gro\u00dfk\u00fcchen, Einzelhandel). W\u00e4hrend der Winter-\/Fr\u00fcchtesaison liefere ich nicht nur die Ware aus sondern f\u00fchre auch einen Lagerverkauf und einen kleinen Laden mit meinen Produkten. Haupts\u00e4chlich verkaufe ich Bio-Zitrusfr\u00fcchte aus Sizilien bzw. Italien. Durch engen Kontakt mit meinen Lieferanten wei\u00df ich woher die Bio-Zitrusfr\u00fcchte herkommen! Der kontrollierte Anbau ist die Basis f\u00fcr unsere Bio-Produkte. Seit 2008 sind wir ein zertifizierter Betrieb! Durch den Kontakt mit Sizilien bin ich dann 2017 auf die Oliven bzw. Oliven\u00f6l gesto\u00dfen. Daraus entstand dann langsam und gewissenhaft unser Oliven\u00f6l Extra Vergine.<\/p>\n","protected":false},"featured_media":7977,"template":"","meta":{"_acf_changed":false,"_seopress_robots_primary_cat":"","_seopress_titles_title":"","_seopress_titles_desc":"","_seopress_robots_index":""},"product_brand":[],"product_cat":[437],"product_tag":[822],"class_list":{"0":"post-7975","1":"product","2":"type-product","3":"status-publish","4":"has-post-thumbnail","6":"product_cat-quality","7":"product_tag-germany","8":"pa_award-gold","9":"pa_competitioncategory-quality","10":"pa_country-germany","11":"pa_monovarietalorblend-monovarietal","12":"pa_variety-nocellara-del-belice","14":"first","15":"instock","16":"product-type-simple"},"acf":[],"_links":{"self":[{"href":"https:\/\/globaloliveoilstars.com\/liooc2024\/wp-json\/wp\/v2\/product\/7975","targetHints":{"allow":["GET"]}}],"collection":[{"href":"https:\/\/globaloliveoilstars.com\/liooc2024\/wp-json\/wp\/v2\/product"}],"about":[{"href":"https:\/\/globaloliveoilstars.com\/liooc2024\/wp-json\/wp\/v2\/types\/product"}],"version-history":[{"count":0,"href":"https:\/\/globaloliveoilstars.com\/liooc2024\/wp-json\/wp\/v2\/product\/7975\/revisions"}],"wp:featuredmedia":[{"embeddable":true,"href":"https:\/\/globaloliveoilstars.com\/liooc2024\/wp-json\/wp\/v2\/media\/7977"}],"wp:attachment":[{"href":"https:\/\/globaloliveoilstars.com\/liooc2024\/wp-json\/wp\/v2\/media?parent=7975"}],"wp:term":[{"taxonomy":"product_brand","embeddable":true,"href":"https:\/\/globaloliveoilstars.com\/liooc2024\/wp-json\/wp\/v2\/product_brand?post=7975"},{"taxonomy":"product_cat","embeddable":true,"href":"https:\/\/globaloliveoilstars.com\/liooc2024\/wp-json\/wp\/v2\/product_cat?post=7975"},{"taxonomy":"product_tag","embeddable":true,"href":"https:\/\/globaloliveoilstars.com\/liooc2024\/wp-json\/wp\/v2\/product_tag?post=7975"}],"curies":[{"name":"wp","href":"https:\/\/api.w.org\/{rel}","templated":true}]}}