{"id":7996,"date":"2024-06-10T04:55:43","date_gmt":"2024-06-10T04:55:43","guid":{"rendered":"http:\/\/globaloliveoilstars.com\/liooc2024\/product\/halil-esen-zeytinyagi\/"},"modified":"2024-06-10T04:56:23","modified_gmt":"2024-06-10T04:56:23","slug":"halil-esen-zeytinyagi","status":"publish","type":"product","link":"https:\/\/globaloliveoilstars.com\/liooc2024\/product\/halil-esen-zeytinyagi\/","title":{"rendered":"Halil Esen Zeytinya\u011f\u0131"},"content":{"rendered":"<p>Company: Halil Esen Zeytin Zeytinya\u011f\u0131<\/p>\n<p>The words that define Halil Esen as a brand are &#8220;Quality, Trust and Honesty&#8221;.<\/p>\n","protected":false},"excerpt":{"rendered":"<p>The words that define Halil Esen as a brand are &#8220;Quality, Trust and Honesty&#8221;.<\/p>\n","protected":false},"featured_media":7998,"template":"","meta":{"_acf_changed":false,"_seopress_robots_primary_cat":"","_seopress_titles_title":"","_seopress_titles_desc":"","_seopress_robots_index":""},"product_brand":[],"product_cat":[437],"product_tag":[718],"class_list":{"0":"post-7996","1":"product","2":"type-product","3":"status-publish","4":"has-post-thumbnail","6":"product_cat-quality","7":"product_tag-turkey","8":"pa_award-gold","9":"pa_competitioncategory-quality","10":"pa_country-turkey","11":"pa_monovarietalorblend-monovarietal","12":"pa_variety-edremit","14":"first","15":"instock","16":"product-type-simple"},"acf":[],"_links":{"self":[{"href":"https:\/\/globaloliveoilstars.com\/liooc2024\/wp-json\/wp\/v2\/product\/7996","targetHints":{"allow":["GET"]}}],"collection":[{"href":"https:\/\/globaloliveoilstars.com\/liooc2024\/wp-json\/wp\/v2\/product"}],"about":[{"href":"https:\/\/globaloliveoilstars.com\/liooc2024\/wp-json\/wp\/v2\/types\/product"}],"version-history":[{"count":0,"href":"https:\/\/globaloliveoilstars.com\/liooc2024\/wp-json\/wp\/v2\/product\/7996\/revisions"}],"wp:featuredmedia":[{"embeddable":true,"href":"https:\/\/globaloliveoilstars.com\/liooc2024\/wp-json\/wp\/v2\/media\/7998"}],"wp:attachment":[{"href":"https:\/\/globaloliveoilstars.com\/liooc2024\/wp-json\/wp\/v2\/media?parent=7996"}],"wp:term":[{"taxonomy":"product_brand","embeddable":true,"href":"https:\/\/globaloliveoilstars.com\/liooc2024\/wp-json\/wp\/v2\/product_brand?post=7996"},{"taxonomy":"product_cat","embeddable":true,"href":"https:\/\/globaloliveoilstars.com\/liooc2024\/wp-json\/wp\/v2\/product_cat?post=7996"},{"taxonomy":"product_tag","embeddable":true,"href":"https:\/\/globaloliveoilstars.com\/liooc2024\/wp-json\/wp\/v2\/product_tag?post=7996"}],"curies":[{"name":"wp","href":"https:\/\/api.w.org\/{rel}","templated":true}]}}