{"id":8037,"date":"2024-06-10T04:56:34","date_gmt":"2024-06-10T04:56:34","guid":{"rendered":"http:\/\/globaloliveoilstars.com\/liooc2024\/product\/invicto-aove\/"},"modified":"2024-06-10T04:57:00","modified_gmt":"2024-06-10T04:57:00","slug":"invicto-aove","status":"publish","type":"product","link":"https:\/\/globaloliveoilstars.com\/liooc2024\/product\/invicto-aove\/","title":{"rendered":"Invicto Aove"},"content":{"rendered":"<p>Company: Invicto Aove S.L.<\/p>\n<p>INVICTO AOVE S.L. es una Empresa de reciente creaci\u00f3n que ha ofrecido sus productos al mercado en la Campa\u00f1a 2023-2024 para la venta y comercializacion de Aceite de oliva virgen extra en formatos de 500 ml y Variedades Arbosana, Picual, Frantoio y Arbequina. Nuestra misi\u00f3n es dar a conocer el extraordinario producto que hemos envasado procedente de Villanueva de la Reina (Ja\u00e9n), para lo que hemos creado unos envases con dise\u00f1os excepcionales con el objeto de proporcionar un valor a\u00f1adido al producto. Entendemos que la calidad del producto es tan importante como el dise\u00f1o y packaging que lo acompa\u00f1a, apostando por tanto por ambos conceptos.<\/p>\n","protected":false},"excerpt":{"rendered":"<p>INVICTO AOVE S.L. es una Empresa de reciente creaci\u00f3n que ha ofrecido sus productos al mercado en la Campa\u00f1a 2023-2024 para la venta y comercializacion de Aceite de oliva virgen extra en formatos de 500 ml y Variedades Arbosana, Picual, Frantoio y Arbequina. Nuestra misi\u00f3n es dar a conocer el extraordinario producto que hemos envasado procedente de Villanueva de la Reina (Ja\u00e9n), para lo que hemos creado unos envases con dise\u00f1os excepcionales con el objeto de proporcionar un valor a\u00f1adido al producto. Entendemos que la calidad del producto es tan importante como el dise\u00f1o y packaging que lo acompa\u00f1a, apostando por tanto por ambos conceptos.<\/p>\n","protected":false},"featured_media":8039,"template":"","meta":{"_acf_changed":false,"_seopress_robots_primary_cat":"","_seopress_titles_title":"","_seopress_titles_desc":"","_seopress_robots_index":""},"product_brand":[],"product_cat":[437],"product_tag":[729],"class_list":{"0":"post-8037","1":"product","2":"type-product","3":"status-publish","4":"has-post-thumbnail","6":"product_cat-quality","7":"product_tag-spain","8":"pa_award-gold","9":"pa_competitioncategory-quality","10":"pa_country-spain","11":"pa_monovarietalorblend-monovarietal","12":"pa_variety-arbequina","14":"first","15":"instock","16":"product-type-simple"},"acf":[],"_links":{"self":[{"href":"https:\/\/globaloliveoilstars.com\/liooc2024\/wp-json\/wp\/v2\/product\/8037","targetHints":{"allow":["GET"]}}],"collection":[{"href":"https:\/\/globaloliveoilstars.com\/liooc2024\/wp-json\/wp\/v2\/product"}],"about":[{"href":"https:\/\/globaloliveoilstars.com\/liooc2024\/wp-json\/wp\/v2\/types\/product"}],"version-history":[{"count":0,"href":"https:\/\/globaloliveoilstars.com\/liooc2024\/wp-json\/wp\/v2\/product\/8037\/revisions"}],"wp:featuredmedia":[{"embeddable":true,"href":"https:\/\/globaloliveoilstars.com\/liooc2024\/wp-json\/wp\/v2\/media\/8039"}],"wp:attachment":[{"href":"https:\/\/globaloliveoilstars.com\/liooc2024\/wp-json\/wp\/v2\/media?parent=8037"}],"wp:term":[{"taxonomy":"product_brand","embeddable":true,"href":"https:\/\/globaloliveoilstars.com\/liooc2024\/wp-json\/wp\/v2\/product_brand?post=8037"},{"taxonomy":"product_cat","embeddable":true,"href":"https:\/\/globaloliveoilstars.com\/liooc2024\/wp-json\/wp\/v2\/product_cat?post=8037"},{"taxonomy":"product_tag","embeddable":true,"href":"https:\/\/globaloliveoilstars.com\/liooc2024\/wp-json\/wp\/v2\/product_tag?post=8037"}],"curies":[{"name":"wp","href":"https:\/\/api.w.org\/{rel}","templated":true}]}}