{"id":8111,"date":"2024-06-10T04:57:26","date_gmt":"2024-06-10T04:57:26","guid":{"rendered":"http:\/\/globaloliveoilstars.com\/liooc2024\/product\/kostem\/"},"modified":"2024-06-10T04:58:17","modified_gmt":"2024-06-10T04:58:17","slug":"kostem","status":"publish","type":"product","link":"https:\/\/globaloliveoilstars.com\/liooc2024\/product\/kostem\/","title":{"rendered":"K\u00f6stem"},"content":{"rendered":"<p>Company: K\u00f6stem Zeytin \u00c7iftli\u011f<\/p>\n<p>K\u00f6stem Organic Olive Farm was founded by Levent and G\u00fcler K\u00f6stem in 2004 in Nohutalan village of Urla. In our farm, which is located in a position overlooking the winds coming from \u00c7e\u015fme&#8217;s Ild\u0131r and Urla&#8217;s Zeytineli bays,\u00a0organic and natural agricultural policies are carefully implemented in order to produce &#8221;\u00a0quality and perfect organic olive oil &#8220;.<\/p>\n","protected":false},"excerpt":{"rendered":"<p>K\u00f6stem Organic Olive Farm was founded by Levent and G\u00fcler K\u00f6stem in 2004 in Nohutalan village of Urla. In our farm, which is located in a position overlooking the winds coming from \u00c7e\u015fme&#8217;s Ild\u0131r and Urla&#8217;s Zeytineli bays,\u00a0organic and natural agricultural policies are carefully implemented in order to produce &#8221;\u00a0quality and perfect organic olive oil &#8220;.<\/p>\n","protected":false},"featured_media":8113,"template":"","meta":{"_acf_changed":false,"_seopress_robots_primary_cat":"","_seopress_titles_title":"","_seopress_titles_desc":"","_seopress_robots_index":""},"product_brand":[],"product_cat":[437],"product_tag":[718],"class_list":{"0":"post-8111","1":"product","2":"type-product","3":"status-publish","4":"has-post-thumbnail","6":"product_cat-quality","7":"product_tag-turkey","8":"pa_award-silver","9":"pa_competitioncategory-quality","10":"pa_country-turkey","11":"pa_monovarietalorblend-monovarietal","12":"pa_variety-memecik","14":"first","15":"instock","16":"product-type-simple"},"acf":[],"_links":{"self":[{"href":"https:\/\/globaloliveoilstars.com\/liooc2024\/wp-json\/wp\/v2\/product\/8111","targetHints":{"allow":["GET"]}}],"collection":[{"href":"https:\/\/globaloliveoilstars.com\/liooc2024\/wp-json\/wp\/v2\/product"}],"about":[{"href":"https:\/\/globaloliveoilstars.com\/liooc2024\/wp-json\/wp\/v2\/types\/product"}],"version-history":[{"count":0,"href":"https:\/\/globaloliveoilstars.com\/liooc2024\/wp-json\/wp\/v2\/product\/8111\/revisions"}],"wp:featuredmedia":[{"embeddable":true,"href":"https:\/\/globaloliveoilstars.com\/liooc2024\/wp-json\/wp\/v2\/media\/8113"}],"wp:attachment":[{"href":"https:\/\/globaloliveoilstars.com\/liooc2024\/wp-json\/wp\/v2\/media?parent=8111"}],"wp:term":[{"taxonomy":"product_brand","embeddable":true,"href":"https:\/\/globaloliveoilstars.com\/liooc2024\/wp-json\/wp\/v2\/product_brand?post=8111"},{"taxonomy":"product_cat","embeddable":true,"href":"https:\/\/globaloliveoilstars.com\/liooc2024\/wp-json\/wp\/v2\/product_cat?post=8111"},{"taxonomy":"product_tag","embeddable":true,"href":"https:\/\/globaloliveoilstars.com\/liooc2024\/wp-json\/wp\/v2\/product_tag?post=8111"}],"curies":[{"name":"wp","href":"https:\/\/api.w.org\/{rel}","templated":true}]}}