{"id":8182,"date":"2024-06-10T04:58:30","date_gmt":"2024-06-10T04:58:30","guid":{"rendered":"http:\/\/globaloliveoilstars.com\/liooc2024\/product\/elixir-oliana-de-marsala\/"},"modified":"2024-06-10T04:59:21","modified_gmt":"2024-06-10T04:59:21","slug":"elixir-oliana-de-marsala","status":"publish","type":"product","link":"https:\/\/globaloliveoilstars.com\/liooc2024\/product\/elixir-oliana-de-marsala\/","title":{"rendered":"Elixir Oliana De Marsala"},"content":{"rendered":"<p>Company: Marsala Hacienda Agricola S.L.<\/p>\n<p>Desde el interior de la soleada provincia de Alicante, en Sax, nace nuestro Aceite de Oliva Virgen Extra Marsala, tras el esfuerzo de generaciones de agricultores y jornales dedicados al cultivo y cuidado del olivar, decidimos convertirnos lanzar al mercado nuestro AOVE de cosecha familiar, con el fin de acercar nuestro trabajo directamente al consumidor final ofreciendo productos de gran calidad, gracias al cuidado que personalmente le dedicamos cada d\u00eda. Esta empresa est\u00e1 formada por la familia V\u00e1zquez Gallego, con Antonia y Jos\u00e9 Vicente a la cabeza, y sus hijos, Armando, Sandra y Laura, as\u00ed como nuestro abuelo Francisco el vivo ejemplo de trabajador incansable que nos ha transmitido su amor por el campo y del que cada d\u00eda seguimos aprendiendo. Nuestro equipo lo completa Basilio nuestro capataz. Nuestro Aceite de Oliva Virgen Extra se produce en el interior de la comarca alicantina del Alto Vinalop\u00f3, fruto del trabajo y dedicaci\u00f3n de la familia Marsala. Cuidamos nuestros olivos y acompa\u00f1amos el zumo de aceitunas durante todo el proceso de producci\u00f3n, para poder ofrecer directamente nuestros productos al consumidor.<\/p>\n","protected":false},"excerpt":{"rendered":"<p>Desde el interior de la soleada provincia de Alicante, en Sax, nace nuestro Aceite de Oliva Virgen Extra Marsala, tras el esfuerzo de generaciones de agricultores y jornales dedicados al cultivo y cuidado del olivar, decidimos convertirnos lanzar al mercado nuestro AOVE de cosecha familiar, con el fin de acercar nuestro trabajo directamente al consumidor final ofreciendo productos de gran calidad, gracias al cuidado que personalmente le dedicamos cada d\u00eda. Esta empresa est\u00e1 formada por la familia V\u00e1zquez Gallego, con Antonia y Jos\u00e9 Vicente a la cabeza, y sus hijos, Armando, Sandra y Laura, as\u00ed como nuestro abuelo Francisco el vivo ejemplo de trabajador incansable que nos ha transmitido su amor por el campo y del que cada d\u00eda seguimos aprendiendo. Nuestro equipo lo completa Basilio nuestro capataz. Nuestro Aceite de Oliva Virgen Extra se produce en el interior de la comarca alicantina del Alto Vinalop\u00f3, fruto del trabajo y dedicaci\u00f3n de la familia Marsala. Cuidamos nuestros olivos y acompa\u00f1amos el zumo de aceitunas durante todo el proceso de producci\u00f3n, para poder ofrecer directamente nuestros productos al consumidor.<\/p>\n","protected":false},"featured_media":8184,"template":"","meta":{"_acf_changed":false,"_seopress_robots_primary_cat":"","_seopress_titles_title":"","_seopress_titles_desc":"","_seopress_robots_index":""},"product_brand":[],"product_cat":[437],"product_tag":[729],"class_list":{"0":"post-8182","1":"product","2":"type-product","3":"status-publish","4":"has-post-thumbnail","6":"product_cat-quality","7":"product_tag-spain","8":"pa_award-silver","9":"pa_competitioncategory-quality","10":"pa_country-spain","11":"pa_monovarietalorblend-monovarietal","12":"pa_variety-oliana","14":"first","15":"instock","16":"product-type-simple"},"acf":[],"_links":{"self":[{"href":"https:\/\/globaloliveoilstars.com\/liooc2024\/wp-json\/wp\/v2\/product\/8182","targetHints":{"allow":["GET"]}}],"collection":[{"href":"https:\/\/globaloliveoilstars.com\/liooc2024\/wp-json\/wp\/v2\/product"}],"about":[{"href":"https:\/\/globaloliveoilstars.com\/liooc2024\/wp-json\/wp\/v2\/types\/product"}],"version-history":[{"count":0,"href":"https:\/\/globaloliveoilstars.com\/liooc2024\/wp-json\/wp\/v2\/product\/8182\/revisions"}],"wp:featuredmedia":[{"embeddable":true,"href":"https:\/\/globaloliveoilstars.com\/liooc2024\/wp-json\/wp\/v2\/media\/8184"}],"wp:attachment":[{"href":"https:\/\/globaloliveoilstars.com\/liooc2024\/wp-json\/wp\/v2\/media?parent=8182"}],"wp:term":[{"taxonomy":"product_brand","embeddable":true,"href":"https:\/\/globaloliveoilstars.com\/liooc2024\/wp-json\/wp\/v2\/product_brand?post=8182"},{"taxonomy":"product_cat","embeddable":true,"href":"https:\/\/globaloliveoilstars.com\/liooc2024\/wp-json\/wp\/v2\/product_cat?post=8182"},{"taxonomy":"product_tag","embeddable":true,"href":"https:\/\/globaloliveoilstars.com\/liooc2024\/wp-json\/wp\/v2\/product_tag?post=8182"}],"curies":[{"name":"wp","href":"https:\/\/api.w.org\/{rel}","templated":true}]}}