{"id":8353,"date":"2024-06-10T05:01:06","date_gmt":"2024-06-10T05:01:06","guid":{"rendered":"http:\/\/globaloliveoilstars.com\/liooc2024\/product\/orbis-dolia-evoo\/"},"modified":"2024-06-10T05:01:53","modified_gmt":"2024-06-10T05:01:53","slug":"orbis-dolia-evoo","status":"publish","type":"product","link":"https:\/\/globaloliveoilstars.com\/liooc2024\/product\/orbis-dolia-evoo\/","title":{"rendered":"Orbis Dolia Evoo"},"content":{"rendered":"<p>Company: Orbis Dolia<\/p>\n<p>Cooperativa dedicada a proyecto de recuperaci\u00f3n de campos de olivos (algunos de ellos centenarios) que se encuentran en proceso de abandono los cuales queremos preservar como imagen viva de la dieta, la cultura y el paisaje mediterr\u00e1neos. Consideramos el olivar como un ecosistema donde han de convivir los olivos con otras especies animales y vegetales en armon\u00eda. Aceite de oliva virgen extra 100% arbequina extra\u00eddo en fr\u00edo mediante procesos mec\u00e1nicos y cuyo fruto ha sido obtenido guardando en todo momento del proceso un profundo respeto por el fruto, el entorno y la biodiversidad.<\/p>\n","protected":false},"excerpt":{"rendered":"<p>Cooperativa dedicada a proyecto de recuperaci\u00f3n de campos de olivos (algunos de ellos centenarios) que se encuentran en proceso de abandono los cuales queremos preservar como imagen viva de la dieta, la cultura y el paisaje mediterr\u00e1neos. Consideramos el olivar como un ecosistema donde han de convivir los olivos con otras especies animales y vegetales en armon\u00eda. Aceite de oliva virgen extra 100% arbequina extra\u00eddo en fr\u00edo mediante procesos mec\u00e1nicos y cuyo fruto ha sido obtenido guardando en todo momento del proceso un profundo respeto por el fruto, el entorno y la biodiversidad.<\/p>\n","protected":false},"featured_media":8355,"template":"","meta":{"_acf_changed":false,"_seopress_robots_primary_cat":"","_seopress_titles_title":"","_seopress_titles_desc":"","_seopress_robots_index":""},"product_brand":[],"product_cat":[437],"product_tag":[729],"class_list":{"0":"post-8353","1":"product","2":"type-product","3":"status-publish","4":"has-post-thumbnail","6":"product_cat-quality","7":"product_tag-spain","8":"pa_award-silver","9":"pa_competitioncategory-quality","10":"pa_country-spain","11":"pa_monovarietalorblend-monovarietal","12":"pa_variety-arbequina","14":"first","15":"instock","16":"product-type-simple"},"acf":[],"_links":{"self":[{"href":"https:\/\/globaloliveoilstars.com\/liooc2024\/wp-json\/wp\/v2\/product\/8353","targetHints":{"allow":["GET"]}}],"collection":[{"href":"https:\/\/globaloliveoilstars.com\/liooc2024\/wp-json\/wp\/v2\/product"}],"about":[{"href":"https:\/\/globaloliveoilstars.com\/liooc2024\/wp-json\/wp\/v2\/types\/product"}],"version-history":[{"count":0,"href":"https:\/\/globaloliveoilstars.com\/liooc2024\/wp-json\/wp\/v2\/product\/8353\/revisions"}],"wp:featuredmedia":[{"embeddable":true,"href":"https:\/\/globaloliveoilstars.com\/liooc2024\/wp-json\/wp\/v2\/media\/8355"}],"wp:attachment":[{"href":"https:\/\/globaloliveoilstars.com\/liooc2024\/wp-json\/wp\/v2\/media?parent=8353"}],"wp:term":[{"taxonomy":"product_brand","embeddable":true,"href":"https:\/\/globaloliveoilstars.com\/liooc2024\/wp-json\/wp\/v2\/product_brand?post=8353"},{"taxonomy":"product_cat","embeddable":true,"href":"https:\/\/globaloliveoilstars.com\/liooc2024\/wp-json\/wp\/v2\/product_cat?post=8353"},{"taxonomy":"product_tag","embeddable":true,"href":"https:\/\/globaloliveoilstars.com\/liooc2024\/wp-json\/wp\/v2\/product_tag?post=8353"}],"curies":[{"name":"wp","href":"https:\/\/api.w.org\/{rel}","templated":true}]}}