{"id":8437,"date":"2024-06-10T05:02:52","date_gmt":"2024-06-10T05:02:52","guid":{"rendered":"http:\/\/globaloliveoilstars.com\/liooc2024\/product\/ahsaf-naturel-sizma-zeytinyagi\/"},"modified":"2024-06-10T05:03:04","modified_gmt":"2024-06-10T05:03:04","slug":"ahsaf-naturel-sizma-zeytinyagi","status":"publish","type":"product","link":"https:\/\/globaloliveoilstars.com\/liooc2024\/product\/ahsaf-naturel-sizma-zeytinyagi\/","title":{"rendered":"Ahsaf Naturel S\u0131zma Zeytinya\u011f\u0131"},"content":{"rendered":"<p>Company: Pulathaneliler A.\u015e<\/p>\n<p>In order for the olive tree to yield fruitful products, you need to take good care of it and always take care of it by respecting its spirit.<\/p>\n","protected":false},"excerpt":{"rendered":"<p>In order for the olive tree to yield fruitful products, you need to take good care of it and always take care of it by respecting its spirit.<\/p>\n","protected":false},"featured_media":8439,"template":"","meta":{"_acf_changed":false,"_seopress_robots_primary_cat":"","_seopress_titles_title":"","_seopress_titles_desc":"","_seopress_robots_index":""},"product_brand":[],"product_cat":[437],"product_tag":[718],"class_list":{"0":"post-8437","1":"product","2":"type-product","3":"status-publish","4":"has-post-thumbnail","6":"product_cat-quality","7":"product_tag-turkey","8":"pa_award-silver","9":"pa_competitioncategory-quality","10":"pa_country-turkey","11":"pa_monovarietalorblend-monovarietal","12":"pa_variety-uslu","14":"first","15":"instock","16":"product-type-simple"},"acf":[],"_links":{"self":[{"href":"https:\/\/globaloliveoilstars.com\/liooc2024\/wp-json\/wp\/v2\/product\/8437","targetHints":{"allow":["GET"]}}],"collection":[{"href":"https:\/\/globaloliveoilstars.com\/liooc2024\/wp-json\/wp\/v2\/product"}],"about":[{"href":"https:\/\/globaloliveoilstars.com\/liooc2024\/wp-json\/wp\/v2\/types\/product"}],"version-history":[{"count":0,"href":"https:\/\/globaloliveoilstars.com\/liooc2024\/wp-json\/wp\/v2\/product\/8437\/revisions"}],"wp:featuredmedia":[{"embeddable":true,"href":"https:\/\/globaloliveoilstars.com\/liooc2024\/wp-json\/wp\/v2\/media\/8439"}],"wp:attachment":[{"href":"https:\/\/globaloliveoilstars.com\/liooc2024\/wp-json\/wp\/v2\/media?parent=8437"}],"wp:term":[{"taxonomy":"product_brand","embeddable":true,"href":"https:\/\/globaloliveoilstars.com\/liooc2024\/wp-json\/wp\/v2\/product_brand?post=8437"},{"taxonomy":"product_cat","embeddable":true,"href":"https:\/\/globaloliveoilstars.com\/liooc2024\/wp-json\/wp\/v2\/product_cat?post=8437"},{"taxonomy":"product_tag","embeddable":true,"href":"https:\/\/globaloliveoilstars.com\/liooc2024\/wp-json\/wp\/v2\/product_tag?post=8437"}],"curies":[{"name":"wp","href":"https:\/\/api.w.org\/{rel}","templated":true}]}}