{"id":8470,"date":"2024-06-10T05:02:52","date_gmt":"2024-06-10T05:02:52","guid":{"rendered":"http:\/\/globaloliveoilstars.com\/liooc2024\/product\/tales\/"},"modified":"2024-06-10T05:03:36","modified_gmt":"2024-06-10T05:03:36","slug":"tales","status":"publish","type":"product","link":"https:\/\/globaloliveoilstars.com\/liooc2024\/product\/tales\/","title":{"rendered":"Tale&#8217;S"},"content":{"rendered":"<p>Company: \u015eahinler Motorlu  Ta\u015f\u0131tlar  Ltd \u015eti<\/p>\n<p>Renowned for excellence, \u015eahinler Motorlu  Ta\u015f\u0131tlar  Ltd \u015etiproduces extra virgin olive oil with a commitment to health and taste.<\/p>\n","protected":false},"excerpt":{"rendered":"<p>Renowned for excellence, \u015eahinler Motorlu  Ta\u015f\u0131tlar  Ltd \u015etiproduces extra virgin olive oil with a commitment to health and taste.<\/p>\n","protected":false},"featured_media":8472,"template":"","meta":{"_acf_changed":false,"_seopress_robots_primary_cat":"","_seopress_titles_title":"","_seopress_titles_desc":"","_seopress_robots_index":""},"product_brand":[],"product_cat":[437],"product_tag":[718],"class_list":{"0":"post-8470","1":"product","2":"type-product","3":"status-publish","4":"has-post-thumbnail","6":"product_cat-quality","7":"product_tag-turkey","8":"pa_award-gold","9":"pa_competitioncategory-quality","10":"pa_country-turkey","11":"pa_monovarietalorblend-monovarietal","12":"pa_variety-yamalak-sarisi","14":"first","15":"instock","16":"product-type-simple"},"acf":[],"_links":{"self":[{"href":"https:\/\/globaloliveoilstars.com\/liooc2024\/wp-json\/wp\/v2\/product\/8470","targetHints":{"allow":["GET"]}}],"collection":[{"href":"https:\/\/globaloliveoilstars.com\/liooc2024\/wp-json\/wp\/v2\/product"}],"about":[{"href":"https:\/\/globaloliveoilstars.com\/liooc2024\/wp-json\/wp\/v2\/types\/product"}],"version-history":[{"count":0,"href":"https:\/\/globaloliveoilstars.com\/liooc2024\/wp-json\/wp\/v2\/product\/8470\/revisions"}],"wp:featuredmedia":[{"embeddable":true,"href":"https:\/\/globaloliveoilstars.com\/liooc2024\/wp-json\/wp\/v2\/media\/8472"}],"wp:attachment":[{"href":"https:\/\/globaloliveoilstars.com\/liooc2024\/wp-json\/wp\/v2\/media?parent=8470"}],"wp:term":[{"taxonomy":"product_brand","embeddable":true,"href":"https:\/\/globaloliveoilstars.com\/liooc2024\/wp-json\/wp\/v2\/product_brand?post=8470"},{"taxonomy":"product_cat","embeddable":true,"href":"https:\/\/globaloliveoilstars.com\/liooc2024\/wp-json\/wp\/v2\/product_cat?post=8470"},{"taxonomy":"product_tag","embeddable":true,"href":"https:\/\/globaloliveoilstars.com\/liooc2024\/wp-json\/wp\/v2\/product_tag?post=8470"}],"curies":[{"name":"wp","href":"https:\/\/api.w.org\/{rel}","templated":true}]}}