{"id":8518,"date":"2024-06-10T05:03:44","date_gmt":"2024-06-10T05:03:44","guid":{"rendered":"http:\/\/globaloliveoilstars.com\/liooc2024\/product\/el-empiedro-dop-priego-de-cordoba\/"},"modified":"2024-06-10T05:04:11","modified_gmt":"2024-06-10T05:04:11","slug":"el-empiedro-dop-priego-de-cordoba","status":"publish","type":"product","link":"https:\/\/globaloliveoilstars.com\/liooc2024\/product\/el-empiedro-dop-priego-de-cordoba\/","title":{"rendered":"El Empiedro (Dop Priego De C\u00f3rdoba)"},"content":{"rendered":"<p>Company: Sca. Olivarera La Pur\u00edsima<\/p>\n<p>The La Pur\u00edsima Andalusian Olivarera Cooperative Society of Priego de C\u00f3rdoba was born in the heart of the Subb\u00e9tica Cordobesa in the year 1945 as a first-degree agricultural cooperative society. It has just over four hectares of its own traditional olive grove that, together with the productions of its more than nine hundred members, add up to an average annual harvest of about fifteen thousand tons of olives of the picuda, hojiblanca and picual varieties, characteristics of the mountain olive grove. of the region.<\/p>\n","protected":false},"excerpt":{"rendered":"<p>The La Pur\u00edsima Andalusian Olivarera Cooperative Society of Priego de C\u00f3rdoba was born in the heart of the Subb\u00e9tica Cordobesa in the year 1945 as a first-degree agricultural cooperative society. It has just over four hectares of its own traditional olive grove that, together with the productions of its more than nine hundred members, add up to an average annual harvest of about fifteen thousand tons of olives of the picuda, hojiblanca and picual varieties, characteristics of the mountain olive grove. of the region.<\/p>\n","protected":false},"featured_media":8520,"template":"","meta":{"_acf_changed":false,"_seopress_robots_primary_cat":"","_seopress_titles_title":"","_seopress_titles_desc":"","_seopress_robots_index":""},"product_brand":[],"product_cat":[437],"product_tag":[729],"class_list":{"0":"post-8518","1":"product","2":"type-product","3":"status-publish","4":"has-post-thumbnail","6":"product_cat-quality","7":"product_tag-spain","8":"pa_award-platinum","9":"pa_competitioncategory-quality","10":"pa_country-spain","11":"pa_monovarietalorblend-monovarietal","12":"pa_variety-hojiblanca","14":"first","15":"instock","16":"product-type-simple"},"acf":[],"_links":{"self":[{"href":"https:\/\/globaloliveoilstars.com\/liooc2024\/wp-json\/wp\/v2\/product\/8518","targetHints":{"allow":["GET"]}}],"collection":[{"href":"https:\/\/globaloliveoilstars.com\/liooc2024\/wp-json\/wp\/v2\/product"}],"about":[{"href":"https:\/\/globaloliveoilstars.com\/liooc2024\/wp-json\/wp\/v2\/types\/product"}],"version-history":[{"count":0,"href":"https:\/\/globaloliveoilstars.com\/liooc2024\/wp-json\/wp\/v2\/product\/8518\/revisions"}],"wp:featuredmedia":[{"embeddable":true,"href":"https:\/\/globaloliveoilstars.com\/liooc2024\/wp-json\/wp\/v2\/media\/8520"}],"wp:attachment":[{"href":"https:\/\/globaloliveoilstars.com\/liooc2024\/wp-json\/wp\/v2\/media?parent=8518"}],"wp:term":[{"taxonomy":"product_brand","embeddable":true,"href":"https:\/\/globaloliveoilstars.com\/liooc2024\/wp-json\/wp\/v2\/product_brand?post=8518"},{"taxonomy":"product_cat","embeddable":true,"href":"https:\/\/globaloliveoilstars.com\/liooc2024\/wp-json\/wp\/v2\/product_cat?post=8518"},{"taxonomy":"product_tag","embeddable":true,"href":"https:\/\/globaloliveoilstars.com\/liooc2024\/wp-json\/wp\/v2\/product_tag?post=8518"}],"curies":[{"name":"wp","href":"https:\/\/api.w.org\/{rel}","templated":true}]}}