{"id":8527,"date":"2024-06-10T05:03:44","date_gmt":"2024-06-10T05:03:44","guid":{"rendered":"http:\/\/globaloliveoilstars.com\/liooc2024\/product\/cuvee-ardente\/"},"modified":"2024-06-10T05:04:18","modified_gmt":"2024-06-10T05:04:18","slug":"cuvee-ardente","status":"publish","type":"product","link":"https:\/\/globaloliveoilstars.com\/liooc2024\/product\/cuvee-ardente\/","title":{"rendered":"Cuv\u00e9e Ardente"},"content":{"rendered":"<p>Company: Scea Just Rose Luberon Exploitation<\/p>\n<p>An outstanding location, set in the Luberon Regional Park, the domain lies on the fertile plains east of Avignon, niched between the rugged hills of North Vaucluse and Southern Luberon. The plains are of Quaternary soil (alluvial deposits) and are part of an area of \u200b\u200bmajor biological value, that is listed on the Natura 2000 Network bringing together natural sites of great heritage value, thanks to their exceptional fauna and flora. The olive groves of the domain of the S\u00e9nancole are located next to the S\u00e9nancole river, besides which the Cistercian monks established the S\u00e9nanque Abbey in the 12th century.<\/p>\n","protected":false},"excerpt":{"rendered":"<p>An outstanding location, set in the Luberon Regional Park, the domain lies on the fertile plains east of Avignon, niched between the rugged hills of North Vaucluse and Southern Luberon. The plains are of Quaternary soil (alluvial deposits) and are part of an area of \u200b\u200bmajor biological value, that is listed on the Natura 2000 Network bringing together natural sites of great heritage value, thanks to their exceptional fauna and flora. The olive groves of the domain of the S\u00e9nancole are located next to the S\u00e9nancole river, besides which the Cistercian monks established the S\u00e9nanque Abbey in the 12th century.<\/p>\n","protected":false},"featured_media":8529,"template":"","meta":{"_acf_changed":false,"_seopress_robots_primary_cat":"","_seopress_titles_title":"","_seopress_titles_desc":"","_seopress_robots_index":""},"product_brand":[],"product_cat":[437],"product_tag":[696],"class_list":{"0":"post-8527","1":"product","2":"type-product","3":"status-publish","4":"has-post-thumbnail","6":"product_cat-quality","7":"product_tag-france","8":"pa_award-gold","9":"pa_competitioncategory-quality","10":"pa_country-france","11":"pa_monovarietalorblend-blend","12":"pa_variety-aglandau-picholine-bouteillan","14":"first","15":"instock","16":"product-type-simple"},"acf":[],"_links":{"self":[{"href":"https:\/\/globaloliveoilstars.com\/liooc2024\/wp-json\/wp\/v2\/product\/8527","targetHints":{"allow":["GET"]}}],"collection":[{"href":"https:\/\/globaloliveoilstars.com\/liooc2024\/wp-json\/wp\/v2\/product"}],"about":[{"href":"https:\/\/globaloliveoilstars.com\/liooc2024\/wp-json\/wp\/v2\/types\/product"}],"version-history":[{"count":0,"href":"https:\/\/globaloliveoilstars.com\/liooc2024\/wp-json\/wp\/v2\/product\/8527\/revisions"}],"wp:featuredmedia":[{"embeddable":true,"href":"https:\/\/globaloliveoilstars.com\/liooc2024\/wp-json\/wp\/v2\/media\/8529"}],"wp:attachment":[{"href":"https:\/\/globaloliveoilstars.com\/liooc2024\/wp-json\/wp\/v2\/media?parent=8527"}],"wp:term":[{"taxonomy":"product_brand","embeddable":true,"href":"https:\/\/globaloliveoilstars.com\/liooc2024\/wp-json\/wp\/v2\/product_brand?post=8527"},{"taxonomy":"product_cat","embeddable":true,"href":"https:\/\/globaloliveoilstars.com\/liooc2024\/wp-json\/wp\/v2\/product_cat?post=8527"},{"taxonomy":"product_tag","embeddable":true,"href":"https:\/\/globaloliveoilstars.com\/liooc2024\/wp-json\/wp\/v2\/product_tag?post=8527"}],"curies":[{"name":"wp","href":"https:\/\/api.w.org\/{rel}","templated":true}]}}