{"id":8597,"date":"2024-06-10T05:04:36","date_gmt":"2024-06-10T05:04:36","guid":{"rendered":"http:\/\/globaloliveoilstars.com\/liooc2024\/product\/aretes-trilye\/"},"modified":"2024-06-10T05:05:28","modified_gmt":"2024-06-10T05:05:28","slug":"aretes-trilye","status":"publish","type":"product","link":"https:\/\/globaloliveoilstars.com\/liooc2024\/product\/aretes-trilye\/","title":{"rendered":"Arete&#8217;S Trilye"},"content":{"rendered":"<p>Company: Tbr  D\u0131\u015f Ticaret A.\u015e<\/p>\n<p>TBR Dis Ticaret A.S. has never dissapointed with their products. Arete&#8217;s Arbequina is of a superior category.<\/p>\n","protected":false},"excerpt":{"rendered":"<p>TBR Dis Ticaret A.S. has never dissapointed with their products. Arete&#8217;s Arbequina is of a superior category.<\/p>\n","protected":false},"featured_media":8599,"template":"","meta":{"_acf_changed":false,"_seopress_robots_primary_cat":"","_seopress_titles_title":"","_seopress_titles_desc":"","_seopress_robots_index":""},"product_brand":[],"product_cat":[437],"product_tag":[718],"class_list":{"0":"post-8597","1":"product","2":"type-product","3":"status-publish","4":"has-post-thumbnail","6":"product_cat-quality","7":"product_tag-turkey","8":"pa_award-gold","9":"pa_competitioncategory-quality","10":"pa_country-turkey","11":"pa_monovarietalorblend-monovarietal","12":"pa_variety-trilye","14":"first","15":"instock","16":"product-type-simple"},"acf":[],"_links":{"self":[{"href":"https:\/\/globaloliveoilstars.com\/liooc2024\/wp-json\/wp\/v2\/product\/8597","targetHints":{"allow":["GET"]}}],"collection":[{"href":"https:\/\/globaloliveoilstars.com\/liooc2024\/wp-json\/wp\/v2\/product"}],"about":[{"href":"https:\/\/globaloliveoilstars.com\/liooc2024\/wp-json\/wp\/v2\/types\/product"}],"version-history":[{"count":0,"href":"https:\/\/globaloliveoilstars.com\/liooc2024\/wp-json\/wp\/v2\/product\/8597\/revisions"}],"wp:featuredmedia":[{"embeddable":true,"href":"https:\/\/globaloliveoilstars.com\/liooc2024\/wp-json\/wp\/v2\/media\/8599"}],"wp:attachment":[{"href":"https:\/\/globaloliveoilstars.com\/liooc2024\/wp-json\/wp\/v2\/media?parent=8597"}],"wp:term":[{"taxonomy":"product_brand","embeddable":true,"href":"https:\/\/globaloliveoilstars.com\/liooc2024\/wp-json\/wp\/v2\/product_brand?post=8597"},{"taxonomy":"product_cat","embeddable":true,"href":"https:\/\/globaloliveoilstars.com\/liooc2024\/wp-json\/wp\/v2\/product_cat?post=8597"},{"taxonomy":"product_tag","embeddable":true,"href":"https:\/\/globaloliveoilstars.com\/liooc2024\/wp-json\/wp\/v2\/product_tag?post=8597"}],"curies":[{"name":"wp","href":"https:\/\/api.w.org\/{rel}","templated":true}]}}