{"id":8681,"date":"2024-06-10T05:06:25","date_gmt":"2024-06-10T05:06:25","guid":{"rendered":"http:\/\/globaloliveoilstars.com\/liooc2024\/product\/ninurta-arbequina\/"},"modified":"2024-06-10T05:06:39","modified_gmt":"2024-06-10T05:06:39","slug":"ninurta-arbequina","status":"publish","type":"product","link":"https:\/\/globaloliveoilstars.com\/liooc2024\/product\/ninurta-arbequina\/","title":{"rendered":"Ninurta Arbequina"},"content":{"rendered":"<p>Company: Ya\u011fmur Organik \u00dcr\u00fcnler Ltd \u015eti<\/p>\n<p>Ya\u011fmur Organik \u00dcr\u00fcnler Ltd \u015eti produces [Brand Name] extra virgin olive oil, ensuring exceptional quality and flavor in every bottle.<\/p>\n","protected":false},"excerpt":{"rendered":"<p>Ya\u011fmur Organik \u00dcr\u00fcnler Ltd \u015eti produces [Brand Name] extra virgin olive oil, ensuring exceptional quality and flavor in every bottle.<\/p>\n","protected":false},"featured_media":8683,"template":"","meta":{"_acf_changed":false,"_seopress_robots_primary_cat":"","_seopress_titles_title":"","_seopress_titles_desc":"","_seopress_robots_index":""},"product_brand":[],"product_cat":[437],"product_tag":[718],"class_list":{"0":"post-8681","1":"product","2":"type-product","3":"status-publish","4":"has-post-thumbnail","6":"product_cat-quality","7":"product_tag-turkey","8":"pa_award-silver","9":"pa_competitioncategory-quality","10":"pa_country-turkey","11":"pa_monovarietalorblend-monovarietal","12":"pa_variety-arbequina","14":"first","15":"instock","16":"product-type-simple"},"acf":[],"_links":{"self":[{"href":"https:\/\/globaloliveoilstars.com\/liooc2024\/wp-json\/wp\/v2\/product\/8681","targetHints":{"allow":["GET"]}}],"collection":[{"href":"https:\/\/globaloliveoilstars.com\/liooc2024\/wp-json\/wp\/v2\/product"}],"about":[{"href":"https:\/\/globaloliveoilstars.com\/liooc2024\/wp-json\/wp\/v2\/types\/product"}],"version-history":[{"count":0,"href":"https:\/\/globaloliveoilstars.com\/liooc2024\/wp-json\/wp\/v2\/product\/8681\/revisions"}],"wp:featuredmedia":[{"embeddable":true,"href":"https:\/\/globaloliveoilstars.com\/liooc2024\/wp-json\/wp\/v2\/media\/8683"}],"wp:attachment":[{"href":"https:\/\/globaloliveoilstars.com\/liooc2024\/wp-json\/wp\/v2\/media?parent=8681"}],"wp:term":[{"taxonomy":"product_brand","embeddable":true,"href":"https:\/\/globaloliveoilstars.com\/liooc2024\/wp-json\/wp\/v2\/product_brand?post=8681"},{"taxonomy":"product_cat","embeddable":true,"href":"https:\/\/globaloliveoilstars.com\/liooc2024\/wp-json\/wp\/v2\/product_cat?post=8681"},{"taxonomy":"product_tag","embeddable":true,"href":"https:\/\/globaloliveoilstars.com\/liooc2024\/wp-json\/wp\/v2\/product_tag?post=8681"}],"curies":[{"name":"wp","href":"https:\/\/api.w.org\/{rel}","templated":true}]}}