{"id":8687,"date":"2024-06-10T05:06:25","date_gmt":"2024-06-10T05:06:25","guid":{"rendered":"http:\/\/globaloliveoilstars.com\/liooc2024\/product\/ninurta-edremit\/"},"modified":"2024-06-10T05:06:46","modified_gmt":"2024-06-10T05:06:46","slug":"ninurta-edremit","status":"publish","type":"product","link":"https:\/\/globaloliveoilstars.com\/liooc2024\/product\/ninurta-edremit\/","title":{"rendered":"Ninurta Edremit"},"content":{"rendered":"<p>Company: Ya\u011fmur Organik \u00dcr\u00fcnler Ltd \u015eti<\/p>\n<p>Ya\u011fmur Organik \u00dcr\u00fcnler Ltd \u015eti produces [Brand Name] extra virgin olive oil, ensuring exceptional quality and flavor in every bottle.<\/p>\n","protected":false},"excerpt":{"rendered":"<p>Ya\u011fmur Organik \u00dcr\u00fcnler Ltd \u015eti produces [Brand Name] extra virgin olive oil, ensuring exceptional quality and flavor in every bottle.<\/p>\n","protected":false},"featured_media":8689,"template":"","meta":{"_acf_changed":false,"_seopress_robots_primary_cat":"","_seopress_titles_title":"","_seopress_titles_desc":"","_seopress_robots_index":""},"product_brand":[],"product_cat":[437],"product_tag":[718],"class_list":{"0":"post-8687","1":"product","2":"type-product","3":"status-publish","4":"has-post-thumbnail","6":"product_cat-quality","7":"product_tag-turkey","8":"pa_award-gold","9":"pa_competitioncategory-quality","10":"pa_country-turkey","11":"pa_monovarietalorblend-blend","12":"pa_variety-blend","14":"first","15":"instock","16":"product-type-simple"},"acf":[],"_links":{"self":[{"href":"https:\/\/globaloliveoilstars.com\/liooc2024\/wp-json\/wp\/v2\/product\/8687","targetHints":{"allow":["GET"]}}],"collection":[{"href":"https:\/\/globaloliveoilstars.com\/liooc2024\/wp-json\/wp\/v2\/product"}],"about":[{"href":"https:\/\/globaloliveoilstars.com\/liooc2024\/wp-json\/wp\/v2\/types\/product"}],"version-history":[{"count":0,"href":"https:\/\/globaloliveoilstars.com\/liooc2024\/wp-json\/wp\/v2\/product\/8687\/revisions"}],"wp:featuredmedia":[{"embeddable":true,"href":"https:\/\/globaloliveoilstars.com\/liooc2024\/wp-json\/wp\/v2\/media\/8689"}],"wp:attachment":[{"href":"https:\/\/globaloliveoilstars.com\/liooc2024\/wp-json\/wp\/v2\/media?parent=8687"}],"wp:term":[{"taxonomy":"product_brand","embeddable":true,"href":"https:\/\/globaloliveoilstars.com\/liooc2024\/wp-json\/wp\/v2\/product_brand?post=8687"},{"taxonomy":"product_cat","embeddable":true,"href":"https:\/\/globaloliveoilstars.com\/liooc2024\/wp-json\/wp\/v2\/product_cat?post=8687"},{"taxonomy":"product_tag","embeddable":true,"href":"https:\/\/globaloliveoilstars.com\/liooc2024\/wp-json\/wp\/v2\/product_tag?post=8687"}],"curies":[{"name":"wp","href":"https:\/\/api.w.org\/{rel}","templated":true}]}}