{"id":8711,"date":"2024-06-10T05:06:25","date_gmt":"2024-06-10T05:06:25","guid":{"rendered":"http:\/\/globaloliveoilstars.com\/liooc2024\/product\/zagoda-tirilye\/"},"modified":"2024-06-10T05:07:08","modified_gmt":"2024-06-10T05:07:08","slug":"zagoda-tirilye","status":"publish","type":"product","link":"https:\/\/globaloliveoilstars.com\/liooc2024\/product\/zagoda-tirilye\/","title":{"rendered":"Zagoda Tirilye"},"content":{"rendered":"<p>Company: Zagoda &#8211; K\u00f6pr\u00fcba\u015f\u0131<\/p>\n<p>We wanted our olive oils with high amounts of polyphenols and antioxidants to carry the &#8220;aroma&#8221;, &#8220;bitterness&#8221; and &#8220;hotness&#8221; balance characteristics determined by world standards at the optimum level, and we bottled them under the name ZAGODA and presented them to your taste.<\/p>\n","protected":false},"excerpt":{"rendered":"<p>We wanted our olive oils with high amounts of polyphenols and antioxidants to carry the &#8220;aroma&#8221;, &#8220;bitterness&#8221; and &#8220;hotness&#8221; balance characteristics determined by world standards at the optimum level, and we bottled them under the name ZAGODA and presented them to your taste.<\/p>\n","protected":false},"featured_media":8713,"template":"","meta":{"_acf_changed":false,"_seopress_robots_primary_cat":"","_seopress_titles_title":"","_seopress_titles_desc":"","_seopress_robots_index":""},"product_brand":[],"product_cat":[437],"product_tag":[718],"class_list":{"0":"post-8711","1":"product","2":"type-product","3":"status-publish","4":"has-post-thumbnail","6":"product_cat-quality","7":"product_tag-turkey","8":"pa_award-silver","9":"pa_competitioncategory-quality","10":"pa_country-turkey","11":"pa_monovarietalorblend-monovarietal","12":"pa_variety-trilye","14":"first","15":"instock","16":"product-type-simple"},"acf":[],"_links":{"self":[{"href":"https:\/\/globaloliveoilstars.com\/liooc2024\/wp-json\/wp\/v2\/product\/8711","targetHints":{"allow":["GET"]}}],"collection":[{"href":"https:\/\/globaloliveoilstars.com\/liooc2024\/wp-json\/wp\/v2\/product"}],"about":[{"href":"https:\/\/globaloliveoilstars.com\/liooc2024\/wp-json\/wp\/v2\/types\/product"}],"version-history":[{"count":0,"href":"https:\/\/globaloliveoilstars.com\/liooc2024\/wp-json\/wp\/v2\/product\/8711\/revisions"}],"wp:featuredmedia":[{"embeddable":true,"href":"https:\/\/globaloliveoilstars.com\/liooc2024\/wp-json\/wp\/v2\/media\/8713"}],"wp:attachment":[{"href":"https:\/\/globaloliveoilstars.com\/liooc2024\/wp-json\/wp\/v2\/media?parent=8711"}],"wp:term":[{"taxonomy":"product_brand","embeddable":true,"href":"https:\/\/globaloliveoilstars.com\/liooc2024\/wp-json\/wp\/v2\/product_brand?post=8711"},{"taxonomy":"product_cat","embeddable":true,"href":"https:\/\/globaloliveoilstars.com\/liooc2024\/wp-json\/wp\/v2\/product_cat?post=8711"},{"taxonomy":"product_tag","embeddable":true,"href":"https:\/\/globaloliveoilstars.com\/liooc2024\/wp-json\/wp\/v2\/product_tag?post=8711"}],"curies":[{"name":"wp","href":"https:\/\/api.w.org\/{rel}","templated":true}]}}