{"id":8967,"date":"2024-06-14T11:25:47","date_gmt":"2024-06-14T11:25:47","guid":{"rendered":"https:\/\/globaloliveoilstars.com\/liooc2024\/product\/laajimi\/"},"modified":"2024-06-14T11:25:56","modified_gmt":"2024-06-14T11:25:56","slug":"laajimi","status":"publish","type":"product","link":"https:\/\/globaloliveoilstars.com\/liooc2024\/product\/laajimi\/","title":{"rendered":"Laajimi"},"content":{"rendered":"<p>Our oils are produced from the Chemlali variety, the symbol of Tunisia. The olives from our plots are handpicked and crushed the same day to preserve all the qualities of the fruit. Extraction, bottling and storage are carried out in full compliance with good hygiene practices to guarantee our customers impeccable olive oil quality<\/p>\n","protected":false},"excerpt":{"rendered":"<p>Our oils are produced from the Chemlali variety, the symbol of Tunisia. The olives from our plots are handpicked and crushed the same day to preserve all the qualities of the fruit. Extraction, bottling and storage are carried out in full compliance with good hygiene practices to guarantee our customers impeccable olive oil quality &#8211; St\u00e9 G\u00e9n\u00e9rale Agricole<\/p>\n","protected":false},"featured_media":8969,"template":"","meta":{"_acf_changed":false,"_seopress_robots_primary_cat":"","_seopress_titles_title":"","_seopress_titles_desc":"","_seopress_robots_index":""},"product_brand":[],"product_cat":[437],"product_tag":[754],"class_list":{"0":"post-8967","1":"product","2":"type-product","3":"status-publish","4":"has-post-thumbnail","6":"product_cat-quality","7":"product_tag-tunisia","8":"pa_award-gold","9":"pa_competitioncategory-quality","10":"pa_country-tunisia","11":"pa_variety-chemlali","13":"first","14":"instock","15":"product-type-simple"},"acf":[],"_links":{"self":[{"href":"https:\/\/globaloliveoilstars.com\/liooc2024\/wp-json\/wp\/v2\/product\/8967","targetHints":{"allow":["GET"]}}],"collection":[{"href":"https:\/\/globaloliveoilstars.com\/liooc2024\/wp-json\/wp\/v2\/product"}],"about":[{"href":"https:\/\/globaloliveoilstars.com\/liooc2024\/wp-json\/wp\/v2\/types\/product"}],"version-history":[{"count":0,"href":"https:\/\/globaloliveoilstars.com\/liooc2024\/wp-json\/wp\/v2\/product\/8967\/revisions"}],"wp:featuredmedia":[{"embeddable":true,"href":"https:\/\/globaloliveoilstars.com\/liooc2024\/wp-json\/wp\/v2\/media\/8969"}],"wp:attachment":[{"href":"https:\/\/globaloliveoilstars.com\/liooc2024\/wp-json\/wp\/v2\/media?parent=8967"}],"wp:term":[{"taxonomy":"product_brand","embeddable":true,"href":"https:\/\/globaloliveoilstars.com\/liooc2024\/wp-json\/wp\/v2\/product_brand?post=8967"},{"taxonomy":"product_cat","embeddable":true,"href":"https:\/\/globaloliveoilstars.com\/liooc2024\/wp-json\/wp\/v2\/product_cat?post=8967"},{"taxonomy":"product_tag","embeddable":true,"href":"https:\/\/globaloliveoilstars.com\/liooc2024\/wp-json\/wp\/v2\/product_tag?post=8967"}],"curies":[{"name":"wp","href":"https:\/\/api.w.org\/{rel}","templated":true}]}}